{"id":30954,"date":"2024-10-23T12:25:46","date_gmt":"2024-10-23T12:25:46","guid":{"rendered":"https:\/\/kasima.lt\/produktas\/naudotas-didelio-pajegumo-kasimo-kausas\/"},"modified":"2025-10-29T08:33:09","modified_gmt":"2025-10-29T08:33:09","slug":"naudotas-didelio-pajegumo-kasimo-kausas","status":"publish","type":"product","link":"https:\/\/kasima3.bcapps.lt\/et\/produktas\/naudotas-didelio-pajegumo-kasimo-kausas\/","title":{"rendered":"Kasutatud raskeveokite kaevanduskopp"},"content":{"rendered":"<p>Raske kaevekopp 980mm, eemaldatud Volvo EC210BLC-st.<br \/>Laius: 98cm | pikkus: 160cm | k\u00f5rgus: 115cm<br \/>Raskeveok, h\u00e4sti hooldatud, ehitatud rasketeks t\u00f6\u00f6deks<br \/>Eemaldatud Volvo ekskavaatorist, \u00fchildub mitme ekskavaatorimargiga ja -mudeliga, mis kasutavad sarnaseid kiirhaakeseadmeid v\u00f5i pin-s\u00fcsteeme.<br \/>Tugevdatud, suure tugevusega teras, mis tagab vastupidavuse ekstreemsetes tingimustes<br \/>Ideaalne raskete kaevet\u00f6\u00f6de ja mullat\u00f6\u00f6de tegemiseks<\/p>\n","protected":false},"excerpt":{"rendered":"<p>Hind ilma k\u00e4ibemaksuta<\/p>\n<p>Valmistamine: VOLVO<br \/>Mudel: KND0074<br \/>Helista:<a href=\"tel:+37060842988\">+37060842988<\/a><br \/>E-post: <a href=\"mailto:usedparts@kasima3.bcapps.lt\">usedparts@kasima3.bcapps.lt<\/a><\/p>\n","protected":false},"featured_media":30935,"template":"","meta":{"_et_pb_use_builder":"","_et_pb_old_content":"","_et_gb_content_width":""},"product_brand":[],"product_cat":[397,214,303,167,319,431],"product_tag":[],"class_list":{"0":"post-30954","1":"product","2":"type-product","3":"status-publish","4":"has-post-thumbnail","6":"product_cat-volvo-varuosade","7":"product_cat-kasutatud","8":"product_cat-kopad","9":"product_cat-ekskavaator","10":"product_cat-kasutatud-varuosade","11":"product_cat-ehitusmasinad-varuosade","13":"first","14":"instock","15":"taxable","16":"shipping-taxable","17":"purchasable","18":"product-type-simple"},"_links":{"self":[{"href":"https:\/\/kasima3.bcapps.lt\/et\/wp-json\/wp\/v2\/product\/30954","targetHints":{"allow":["GET"]}}],"collection":[{"href":"https:\/\/kasima3.bcapps.lt\/et\/wp-json\/wp\/v2\/product"}],"about":[{"href":"https:\/\/kasima3.bcapps.lt\/et\/wp-json\/wp\/v2\/types\/product"}],"wp:featuredmedia":[{"embeddable":true,"href":"https:\/\/kasima3.bcapps.lt\/et\/wp-json\/wp\/v2\/media\/30935"}],"wp:attachment":[{"href":"https:\/\/kasima3.bcapps.lt\/et\/wp-json\/wp\/v2\/media?parent=30954"}],"wp:term":[{"taxonomy":"product_brand","embeddable":true,"href":"https:\/\/kasima3.bcapps.lt\/et\/wp-json\/wp\/v2\/product_brand?post=30954"},{"taxonomy":"product_cat","embeddable":true,"href":"https:\/\/kasima3.bcapps.lt\/et\/wp-json\/wp\/v2\/product_cat?post=30954"},{"taxonomy":"product_tag","embeddable":true,"href":"https:\/\/kasima3.bcapps.lt\/et\/wp-json\/wp\/v2\/product_tag?post=30954"}],"curies":[{"name":"wp","href":"https:\/\/api.w.org\/{rel}","templated":true}]}}