{"id":31007,"date":"2024-10-29T11:41:42","date_gmt":"2024-10-29T11:41:42","guid":{"rendered":"https:\/\/kasima.lt\/produktas\/naudota-komatsu-ekskavatoriaus-kauso-jungtis\/"},"modified":"2025-10-29T08:33:10","modified_gmt":"2025-10-29T08:33:10","slug":"naudota-komatsu-ekskavatoriaus-kauso-jungtis","status":"publish","type":"product","link":"https:\/\/kasima3.bcapps.lt\/et\/produktas\/naudota-komatsu-ekskavatoriaus-kauso-jungtis\/","title":{"rendered":"Komatsu kasutatud ekskavaatorite koppide \u00fchendusl\u00fcli"},"content":{"rendered":"<p>Pakume Komatsu ekskavaatoritele kasutatud koppeliigendit, mis on m\u00f5eldud koppeli ja poomi stabiilseks ja vastupidavaks \u00fchendamiseks. See l\u00fcli on ideaalne neile, kes soovivad asendada kulunud v\u00f5i kahjustatud koppel\u00fclide \u00fchilduvatel Komatsu mudelitel, tagades t\u00f5rgeteta t\u00f6\u00f6 ja parema j\u00f5udluse.<br \/>T\u00fc\u00fcp: Liigitus: Kaevaja l\u00fcli ekskavaatorile<br \/>Osa kood: 20E-70-K2370<br \/>Avauste vaheline kaugus keskelt keskele: 490 mm<br \/>Aukude l\u00e4bim\u00f5\u00f5t: 70 mm<br \/>Kasutatud, ekskavaatorite osadele iseloomulike kulumism\u00e4rkidega.<br \/>Ehitatud taluma suuri koormusi ja pidevat t\u00f6\u00f6d.<br \/>Sobib erinevatele Komatsu ekskavaatorite mudelitele, mille l\u00fclide m\u00f5\u00f5tmed vastavad.<br \/>Ideaalne lahendus kulunud koppalinkide asendamiseks ilma uute osade maksumusteta. <\/p>\n","protected":false},"excerpt":{"rendered":"<p>Hind ilma k\u00e4ibemaksuta <\/p>\n<p>Tootja: Komatsu<br \/>Mudel: PW16070001<br \/>Helista: <a href=\"tel:+37060842988\">+37060842988<\/a><br \/>E-post: <a href=\"mailto:usedparts@kasima3.bcapps.lt\">usedparts@kasima3.bcapps.lt<\/a><\/p>\n","protected":false},"featured_media":31003,"template":"","meta":{"_et_pb_use_builder":"","_et_pb_old_content":"","_et_gb_content_width":""},"product_brand":[],"product_cat":[480,319,431],"product_tag":[],"class_list":{"0":"post-31007","1":"product","2":"type-product","3":"status-publish","4":"has-post-thumbnail","6":"product_cat-komatsu-osad","7":"product_cat-kasutatud-varuosade","8":"product_cat-ehitusmasinad-varuosade","10":"first","11":"instock","12":"taxable","13":"shipping-taxable","14":"purchasable","15":"product-type-simple"},"_links":{"self":[{"href":"https:\/\/kasima3.bcapps.lt\/et\/wp-json\/wp\/v2\/product\/31007","targetHints":{"allow":["GET"]}}],"collection":[{"href":"https:\/\/kasima3.bcapps.lt\/et\/wp-json\/wp\/v2\/product"}],"about":[{"href":"https:\/\/kasima3.bcapps.lt\/et\/wp-json\/wp\/v2\/types\/product"}],"wp:featuredmedia":[{"embeddable":true,"href":"https:\/\/kasima3.bcapps.lt\/et\/wp-json\/wp\/v2\/media\/31003"}],"wp:attachment":[{"href":"https:\/\/kasima3.bcapps.lt\/et\/wp-json\/wp\/v2\/media?parent=31007"}],"wp:term":[{"taxonomy":"product_brand","embeddable":true,"href":"https:\/\/kasima3.bcapps.lt\/et\/wp-json\/wp\/v2\/product_brand?post=31007"},{"taxonomy":"product_cat","embeddable":true,"href":"https:\/\/kasima3.bcapps.lt\/et\/wp-json\/wp\/v2\/product_cat?post=31007"},{"taxonomy":"product_tag","embeddable":true,"href":"https:\/\/kasima3.bcapps.lt\/et\/wp-json\/wp\/v2\/product_tag?post=31007"}],"curies":[{"name":"wp","href":"https:\/\/api.w.org\/{rel}","templated":true}]}}