{"id":31059,"date":"2024-10-30T14:17:07","date_gmt":"2024-10-30T14:17:07","guid":{"rendered":"https:\/\/kasima.lt\/produktas\/naudotas-komatsu-pw160-pasukimo-ziedas\/"},"modified":"2025-10-29T08:33:10","modified_gmt":"2025-10-29T08:33:10","slug":"naudotas-komatsu-pw160-pasukimo-ziedas","status":"publish","type":"product","link":"https:\/\/kasima3.bcapps.lt\/et\/produktas\/naudotas-komatsu-pw160-pasukimo-ziedas\/","title":{"rendered":"Komatsu PW160 kasutatud p\u00f6\u00f6rlemisr\u00f5ngas Komatsu PW160 jaoks"},"content":{"rendered":"<p>See on kasutatud p\u00f6\u00f6rder\u00f5ngas 2007. aasta Komatsu PW160-7 ratastega ekskavaatorile, mis on m\u00f5eldud \u00fclemise konstruktsiooni p\u00f6\u00f6rlemise toetamiseks, et tagada sujuv, t\u00e4pne ja usaldusv\u00e4\u00e4rne ekskavaatori t\u00f6\u00f6.<br \/>Spetsifikatsioonid:<br \/>Osa number: 20G-25-31101<br \/>\u00dchilduv mudel: Komatsu PW160, v\u00f5ib sobida ka teistele Komatsu PW-seeria mudelitele, millel on sarnased p\u00f6\u00f6rder\u00f5nga m\u00f5\u00f5tmed ja n\u00f5uded, kuigi on soovitatav kinnitada konkreetse mudeli spetsifikatsioonid.<br \/>Kasutatud, t\u00e4ielikult t\u00f6\u00f6korras, standardsete kulumism\u00e4rkidega, konstruktsiooniliselt rikkumata, et tagada j\u00e4tkuv toimimine.    <\/p>\n","protected":false},"excerpt":{"rendered":"<p>Hind ilma k\u00e4ibemaksuta <\/p>\n<p>Tootja: Komatsu<br \/>Mudel: PW16070040<br \/>Helista: <a href=\"tel:+37060842988\">+37060842988<\/a><br \/>E-post: <a href=\"mailto:usedparts@kasima3.bcapps.lt\">usedparts@kasima3.bcapps.lt<\/a><\/p>\n","protected":false},"featured_media":31035,"template":"","meta":{"_et_pb_use_builder":"","_et_pb_old_content":"","_et_gb_content_width":""},"product_brand":[],"product_cat":[480,319,431],"product_tag":[],"class_list":{"0":"post-31059","1":"product","2":"type-product","3":"status-publish","4":"has-post-thumbnail","6":"product_cat-komatsu-osad","7":"product_cat-kasutatud-varuosade","8":"product_cat-ehitusmasinad-varuosade","10":"first","11":"instock","12":"taxable","13":"shipping-taxable","14":"purchasable","15":"product-type-simple"},"_links":{"self":[{"href":"https:\/\/kasima3.bcapps.lt\/et\/wp-json\/wp\/v2\/product\/31059","targetHints":{"allow":["GET"]}}],"collection":[{"href":"https:\/\/kasima3.bcapps.lt\/et\/wp-json\/wp\/v2\/product"}],"about":[{"href":"https:\/\/kasima3.bcapps.lt\/et\/wp-json\/wp\/v2\/types\/product"}],"wp:featuredmedia":[{"embeddable":true,"href":"https:\/\/kasima3.bcapps.lt\/et\/wp-json\/wp\/v2\/media\/31035"}],"wp:attachment":[{"href":"https:\/\/kasima3.bcapps.lt\/et\/wp-json\/wp\/v2\/media?parent=31059"}],"wp:term":[{"taxonomy":"product_brand","embeddable":true,"href":"https:\/\/kasima3.bcapps.lt\/et\/wp-json\/wp\/v2\/product_brand?post=31059"},{"taxonomy":"product_cat","embeddable":true,"href":"https:\/\/kasima3.bcapps.lt\/et\/wp-json\/wp\/v2\/product_cat?post=31059"},{"taxonomy":"product_tag","embeddable":true,"href":"https:\/\/kasima3.bcapps.lt\/et\/wp-json\/wp\/v2\/product_tag?post=31059"}],"curies":[{"name":"wp","href":"https:\/\/api.w.org\/{rel}","templated":true}]}}