{"id":31253,"date":"2024-11-05T14:13:52","date_gmt":"2024-11-05T14:13:52","guid":{"rendered":"https:\/\/kasima.lt\/produktas\/naudotas-komatsu-pw160-galinis-tiltas-su-transmisija\/"},"modified":"2025-10-29T08:33:11","modified_gmt":"2025-10-29T08:33:11","slug":"naudotas-komatsu-pw160-galinis-tiltas-su-transmisija","status":"publish","type":"product","link":"https:\/\/kasima3.bcapps.lt\/et\/produktas\/naudotas-komatsu-pw160-galinis-tiltas-su-transmisija\/","title":{"rendered":"Komatsu PW160 kasutatud tagatelg koos \u00fclekandega"},"content":{"rendered":"<p>Kasutatud tagatelg koos Carraro k\u00e4igukastiga Komatsu PW160 ratasekraanilt, mis on komplekteeritud p\u00f5hikomponentidega, mis on vajalikud usaldusv\u00e4\u00e4rse j\u00f5u ja tagaratta t\u00f6\u00f6ks. See koost sisaldab selliseid osi nagu planeetide koost ja veov\u00f5lli, mis on loodud selleks, et tagada usaldusv\u00e4\u00e4rne liikumine ja tugi raskete ekskavaatorit\u00f6\u00f6de jaoks.<br \/>K\u00e4igukast: Carraro <br \/>Carraro k\u00e4igukast on tuntud vastupidavuse ja sujuva toimimise poolest ning on usaldusv\u00e4\u00e4rne intensiivse kasutamise korral, tagades t\u00f5husa j\u00f5u\u00fclekande tagaratastele.<br \/>Peamised komponendid ja osanumbrid:<br \/>K\u00e4igukast: 20G-14-31101<br \/>Planeedi koost: 20G-23-31350<br \/>Ajamiv\u00f5lli: 20G-22-31150<br \/>Telgede koost: 20G-22-31001<br \/>Kasutatud, konstruktsiooniliselt terve, t\u00e4ielikult funktsionaalsete komponentidega. N\u00e4itab t\u00fc\u00fcpilist kulumist, kontrollitud j\u00f5udluse ja t\u00f6\u00f6kindluse osas.    <\/p>\n","protected":false},"excerpt":{"rendered":"<p>Hind ilma k\u00e4ibemaksuta<\/p>\n<p>Tootja: Komatsu<br \/>Mudel: PW16070083<br \/>Helista:<a href=\"tel:+37060842988\">+37060842988<\/a><br \/>E-post: <a href=\"mailto:usedparts@kasima3.bcapps.lt\">usedparts@kasima3.bcapps.lt<\/a><\/p>\n","protected":false},"featured_media":31239,"template":"","meta":{"_et_pb_use_builder":"","_et_pb_old_content":"","_et_gb_content_width":""},"product_brand":[],"product_cat":[480,319,431],"product_tag":[],"class_list":{"0":"post-31253","1":"product","2":"type-product","3":"status-publish","4":"has-post-thumbnail","6":"product_cat-komatsu-osad","7":"product_cat-kasutatud-varuosade","8":"product_cat-ehitusmasinad-varuosade","10":"first","11":"instock","12":"taxable","13":"shipping-taxable","14":"product-type-simple"},"_links":{"self":[{"href":"https:\/\/kasima3.bcapps.lt\/et\/wp-json\/wp\/v2\/product\/31253","targetHints":{"allow":["GET"]}}],"collection":[{"href":"https:\/\/kasima3.bcapps.lt\/et\/wp-json\/wp\/v2\/product"}],"about":[{"href":"https:\/\/kasima3.bcapps.lt\/et\/wp-json\/wp\/v2\/types\/product"}],"wp:featuredmedia":[{"embeddable":true,"href":"https:\/\/kasima3.bcapps.lt\/et\/wp-json\/wp\/v2\/media\/31239"}],"wp:attachment":[{"href":"https:\/\/kasima3.bcapps.lt\/et\/wp-json\/wp\/v2\/media?parent=31253"}],"wp:term":[{"taxonomy":"product_brand","embeddable":true,"href":"https:\/\/kasima3.bcapps.lt\/et\/wp-json\/wp\/v2\/product_brand?post=31253"},{"taxonomy":"product_cat","embeddable":true,"href":"https:\/\/kasima3.bcapps.lt\/et\/wp-json\/wp\/v2\/product_cat?post=31253"},{"taxonomy":"product_tag","embeddable":true,"href":"https:\/\/kasima3.bcapps.lt\/et\/wp-json\/wp\/v2\/product_tag?post=31253"}],"curies":[{"name":"wp","href":"https:\/\/api.w.org\/{rel}","templated":true}]}}