{"id":31284,"date":"2024-11-05T14:51:19","date_gmt":"2024-11-05T14:51:19","guid":{"rendered":"https:\/\/kasima.lt\/produktas\/naudoti-komatsu-pw160-pakabos-uzrakto-cilindrai\/"},"modified":"2025-10-29T08:33:11","modified_gmt":"2025-10-29T08:33:11","slug":"naudoti-komatsu-pw160-pakabos-uzrakto-cilindrai","status":"publish","type":"product","link":"https:\/\/kasima3.bcapps.lt\/et\/produktas\/naudoti-komatsu-pw160-pakabos-uzrakto-cilindrai\/","title":{"rendered":"Kasutatud Komatsu PW160 vedrustuslukusilindrid"},"content":{"rendered":"<p>Meil on kaks kasutatud Komatsu PW160 ratastega ekskavaatori vedrustuslukusilindrit, mis on ideaalsed vedrustuss\u00fcsteemi lukustamiseks ja stabiilsuse tagamiseks raskete t\u00f6\u00f6de ajal. Need silindrid on h\u00e4davajalikud vedrustuse kinnitamiseks masinat minimaalselt liigutavate \u00fclesannete t\u00e4itmisel.<br \/>Osa number: 20K-61-31131<br \/>Kogus: 2 \u00fchikut<br \/>Vedrustuslukk, stabiliseerib masinat, lukustades vedrustuse t\u00f6\u00f6de ajal<br \/>Kasutatud, t\u00e4ielikult t\u00f6\u00f6korras, standardkulumisega; kontrollitud ja testitud usaldusv\u00e4\u00e4rse t\u00f6\u00f6 tagamiseks.<br \/>Hind \u00fchiku kohta  <\/p>\n","protected":false},"excerpt":{"rendered":"<p>Hind ilma k\u00e4ibemaksuta<\/p>\n<p>Tootja: Komatsu<br \/>Mudel: PW16070088<br \/>Helista:<a href=\"tel:+37060842988\">+37060842988<\/a><br \/>E-post: <a href=\"mailto:usedparts@kasima3.bcapps.lt\">usedparts@kasima3.bcapps.lt<\/a><\/p>\n","protected":false},"featured_media":31275,"template":"","meta":{"_et_pb_use_builder":"","_et_pb_old_content":"","_et_gb_content_width":""},"product_brand":[],"product_cat":[480,319,431],"product_tag":[],"class_list":{"0":"post-31284","1":"product","2":"type-product","3":"status-publish","4":"has-post-thumbnail","6":"product_cat-komatsu-osad","7":"product_cat-kasutatud-varuosade","8":"product_cat-ehitusmasinad-varuosade","10":"first","11":"instock","12":"taxable","13":"shipping-taxable","14":"purchasable","15":"product-type-simple"},"_links":{"self":[{"href":"https:\/\/kasima3.bcapps.lt\/et\/wp-json\/wp\/v2\/product\/31284","targetHints":{"allow":["GET"]}}],"collection":[{"href":"https:\/\/kasima3.bcapps.lt\/et\/wp-json\/wp\/v2\/product"}],"about":[{"href":"https:\/\/kasima3.bcapps.lt\/et\/wp-json\/wp\/v2\/types\/product"}],"wp:featuredmedia":[{"embeddable":true,"href":"https:\/\/kasima3.bcapps.lt\/et\/wp-json\/wp\/v2\/media\/31275"}],"wp:attachment":[{"href":"https:\/\/kasima3.bcapps.lt\/et\/wp-json\/wp\/v2\/media?parent=31284"}],"wp:term":[{"taxonomy":"product_brand","embeddable":true,"href":"https:\/\/kasima3.bcapps.lt\/et\/wp-json\/wp\/v2\/product_brand?post=31284"},{"taxonomy":"product_cat","embeddable":true,"href":"https:\/\/kasima3.bcapps.lt\/et\/wp-json\/wp\/v2\/product_cat?post=31284"},{"taxonomy":"product_tag","embeddable":true,"href":"https:\/\/kasima3.bcapps.lt\/et\/wp-json\/wp\/v2\/product_tag?post=31284"}],"curies":[{"name":"wp","href":"https:\/\/api.w.org\/{rel}","templated":true}]}}