{"id":31374,"date":"2024-11-11T09:46:02","date_gmt":"2024-11-11T09:46:02","guid":{"rendered":"https:\/\/kasima.lt\/produktas\/naudotas-smagratis\/"},"modified":"2025-10-29T08:33:12","modified_gmt":"2025-10-29T08:33:12","slug":"naudotas-smagratis","status":"publish","type":"product","link":"https:\/\/kasima3.bcapps.lt\/et\/produktas\/naudotas-smagratis\/","title":{"rendered":"Kasutatud hooratas"},"content":{"rendered":"<p>H\u00f5lmaratta number: B5C20<br \/>L\u00e4bim\u00f5\u00f5t: 46,5 cm<br \/>Keskmise avause l\u00e4bim\u00f5\u00f5t: 8 cm<\/p>\n","protected":false},"excerpt":{"rendered":"<p>Hind ilma k\u00e4ibemaksuta<\/p>\n<p>Tootja:N\/A<br \/>Mudel:KND0076<br \/>Helista:<a href=\"tel:+37060842988\">+37060842988<\/a><br \/>E-post: <a href=\"mailto:usedparts@kasima3.bcapps.lt\">usedparts@kasima3.bcapps.lt<\/a><\/p>\n","protected":false},"featured_media":31350,"template":"","meta":{"_et_pb_use_builder":"","_et_pb_old_content":"","_et_gb_content_width":""},"product_brand":[],"product_cat":[319,431],"product_tag":[],"class_list":{"0":"post-31374","1":"product","2":"type-product","3":"status-publish","4":"has-post-thumbnail","6":"product_cat-kasutatud-varuosade","7":"product_cat-ehitusmasinad-varuosade","9":"first","10":"instock","11":"taxable","12":"shipping-taxable","13":"purchasable","14":"product-type-simple"},"_links":{"self":[{"href":"https:\/\/kasima3.bcapps.lt\/et\/wp-json\/wp\/v2\/product\/31374","targetHints":{"allow":["GET"]}}],"collection":[{"href":"https:\/\/kasima3.bcapps.lt\/et\/wp-json\/wp\/v2\/product"}],"about":[{"href":"https:\/\/kasima3.bcapps.lt\/et\/wp-json\/wp\/v2\/types\/product"}],"wp:featuredmedia":[{"embeddable":true,"href":"https:\/\/kasima3.bcapps.lt\/et\/wp-json\/wp\/v2\/media\/31350"}],"wp:attachment":[{"href":"https:\/\/kasima3.bcapps.lt\/et\/wp-json\/wp\/v2\/media?parent=31374"}],"wp:term":[{"taxonomy":"product_brand","embeddable":true,"href":"https:\/\/kasima3.bcapps.lt\/et\/wp-json\/wp\/v2\/product_brand?post=31374"},{"taxonomy":"product_cat","embeddable":true,"href":"https:\/\/kasima3.bcapps.lt\/et\/wp-json\/wp\/v2\/product_cat?post=31374"},{"taxonomy":"product_tag","embeddable":true,"href":"https:\/\/kasima3.bcapps.lt\/et\/wp-json\/wp\/v2\/product_tag?post=31374"}],"curies":[{"name":"wp","href":"https:\/\/api.w.org\/{rel}","templated":true}]}}