{"id":31450,"date":"2024-11-12T07:38:29","date_gmt":"2024-11-12T07:38:29","guid":{"rendered":"https:\/\/kasima.lt\/produktas\/naudotas-volvo-ec210blc-pagrindinis-hidraulinis-skirstytuvas\/"},"modified":"2025-10-29T08:33:12","modified_gmt":"2025-10-29T08:33:12","slug":"naudotas-volvo-ec210blc-pagrindinis-hidraulinis-skirstytuvas","status":"publish","type":"product","link":"https:\/\/kasima3.bcapps.lt\/et\/produktas\/naudotas-volvo-ec210blc-pagrindinis-hidraulinis-skirstytuvas\/","title":{"rendered":"Kasutatud Volvo EC210BLC h\u00fcdrauliline peajaotur"},"content":{"rendered":"<p>Aasta: 2003<br \/>Osa number: VOE14512144<br \/>Kasutatud, t\u00f6\u00f6korras<br \/>H\u00fcdrauliline peaventiil<br \/>Reguleerib h\u00fcdraulikavoolu mitmetele ekskavaatorifunktsioonidele, v\u00f5imaldades t\u00e4pselt juhtida poomi, k\u00e4e ja koppade liikumist.<br \/>Vastupidav, k\u00f5rgsurvekonstruktsioon, mis sobib raskeks kasutamiseks ehitusplatsidel <\/p>\n","protected":false},"excerpt":{"rendered":"<p>Hind ilma k\u00e4ibemaksuta<\/p>\n<p>Tootja: VOLVO<br \/>Mudel: EC210BLC0009<br \/>Helista:<a href=\"tel:+37060842988\">+37060842988<\/a><br \/>E-post: <a href=\"mailto:usedparts@kasima3.bcapps.lt\">usedparts@kasima3.bcapps.lt<\/a><\/p>\n","protected":false},"featured_media":35857,"template":"","meta":{"_et_pb_use_builder":"","_et_pb_old_content":"","_et_gb_content_width":""},"product_brand":[],"product_cat":[397,319,431],"product_tag":[],"class_list":{"0":"post-31450","1":"product","2":"type-product","3":"status-publish","4":"has-post-thumbnail","6":"product_cat-volvo-varuosade","7":"product_cat-kasutatud-varuosade","8":"product_cat-ehitusmasinad-varuosade","10":"first","11":"instock","12":"taxable","13":"shipping-taxable","14":"purchasable","15":"product-type-simple"},"_links":{"self":[{"href":"https:\/\/kasima3.bcapps.lt\/et\/wp-json\/wp\/v2\/product\/31450","targetHints":{"allow":["GET"]}}],"collection":[{"href":"https:\/\/kasima3.bcapps.lt\/et\/wp-json\/wp\/v2\/product"}],"about":[{"href":"https:\/\/kasima3.bcapps.lt\/et\/wp-json\/wp\/v2\/types\/product"}],"wp:featuredmedia":[{"embeddable":true,"href":"https:\/\/kasima3.bcapps.lt\/et\/wp-json\/wp\/v2\/media\/35857"}],"wp:attachment":[{"href":"https:\/\/kasima3.bcapps.lt\/et\/wp-json\/wp\/v2\/media?parent=31450"}],"wp:term":[{"taxonomy":"product_brand","embeddable":true,"href":"https:\/\/kasima3.bcapps.lt\/et\/wp-json\/wp\/v2\/product_brand?post=31450"},{"taxonomy":"product_cat","embeddable":true,"href":"https:\/\/kasima3.bcapps.lt\/et\/wp-json\/wp\/v2\/product_cat?post=31450"},{"taxonomy":"product_tag","embeddable":true,"href":"https:\/\/kasima3.bcapps.lt\/et\/wp-json\/wp\/v2\/product_tag?post=31450"}],"curies":[{"name":"wp","href":"https:\/\/api.w.org\/{rel}","templated":true}]}}