{"id":31480,"date":"2024-11-12T08:17:43","date_gmt":"2024-11-12T08:17:43","guid":{"rendered":"https:\/\/kasima.lt\/produktas\/naudoti-volvo-ekskavatoriaus-viksrai-su-grandine\/"},"modified":"2025-10-29T08:33:12","modified_gmt":"2025-10-29T08:33:12","slug":"naudoti-volvo-ekskavatoriaus-viksrai-su-grandine","status":"publish","type":"product","link":"https:\/\/kasima3.bcapps.lt\/et\/produktas\/naudoti-volvo-ekskavatoriaus-viksrai-su-grandine\/","title":{"rendered":"Kasutatud ketiga roomikud Volvo ekskavaatorilt"},"content":{"rendered":"<p>Kasutatud ketiga roomikud Volvo EC210BLC ekskavaatorilt <br \/>Aasta: 2003<br \/>Tootja osa numbrid:<br \/>VOE14506689<br \/>R\u00f6\u00f6bastee kett:VOE14701017<br \/>Raudkinga:VOE14663691<br \/>Rasked terasr\u00f6\u00f6pad koos ketilinkidega, ideaalsed ebatasasele maastikule<br \/>M\u00f5eldud spetsiaalselt Volvo EC210BLC jaoks, pakkudes tasakaalustatud stabiilsust ja veoj\u00f5udu.<br \/>Vastupidav kettakomplekt, mis on ehitatud j\u00e4rjepideva j\u00f5udluse tagamiseks keerulistes t\u00f6\u00f6tingimustes.<\/p>\n","protected":false},"excerpt":{"rendered":"<p>Hind ilma k\u00e4ibemaksuta<\/p>\n<p>Tootja: VOLVO<br \/>Mudel: EC210BLC0021<br \/>Helista:<a href=\"tel:+37060842988\">+37060842988<\/a><br \/>E-post: <a href=\"mailto:usedparts@kasima3.bcapps.lt\">usedparts@kasima3.bcapps.lt<\/a><\/p>\n","protected":false},"featured_media":31456,"template":"","meta":{"_et_pb_use_builder":"","_et_pb_old_content":"","_et_gb_content_width":""},"product_brand":[],"product_cat":[397,319,431],"product_tag":[],"class_list":{"0":"post-31480","1":"product","2":"type-product","3":"status-publish","4":"has-post-thumbnail","6":"product_cat-volvo-varuosade","7":"product_cat-kasutatud-varuosade","8":"product_cat-ehitusmasinad-varuosade","10":"first","11":"instock","12":"taxable","13":"shipping-taxable","14":"purchasable","15":"product-type-simple"},"_links":{"self":[{"href":"https:\/\/kasima3.bcapps.lt\/et\/wp-json\/wp\/v2\/product\/31480","targetHints":{"allow":["GET"]}}],"collection":[{"href":"https:\/\/kasima3.bcapps.lt\/et\/wp-json\/wp\/v2\/product"}],"about":[{"href":"https:\/\/kasima3.bcapps.lt\/et\/wp-json\/wp\/v2\/types\/product"}],"wp:featuredmedia":[{"embeddable":true,"href":"https:\/\/kasima3.bcapps.lt\/et\/wp-json\/wp\/v2\/media\/31456"}],"wp:attachment":[{"href":"https:\/\/kasima3.bcapps.lt\/et\/wp-json\/wp\/v2\/media?parent=31480"}],"wp:term":[{"taxonomy":"product_brand","embeddable":true,"href":"https:\/\/kasima3.bcapps.lt\/et\/wp-json\/wp\/v2\/product_brand?post=31480"},{"taxonomy":"product_cat","embeddable":true,"href":"https:\/\/kasima3.bcapps.lt\/et\/wp-json\/wp\/v2\/product_cat?post=31480"},{"taxonomy":"product_tag","embeddable":true,"href":"https:\/\/kasima3.bcapps.lt\/et\/wp-json\/wp\/v2\/product_tag?post=31480"}],"curies":[{"name":"wp","href":"https:\/\/api.w.org\/{rel}","templated":true}]}}