{"id":31506,"date":"2024-11-12T09:35:31","date_gmt":"2024-11-12T09:35:31","guid":{"rendered":"https:\/\/kasima.lt\/produktas\/naudota-jcb-kabina\/"},"modified":"2025-10-29T08:33:13","modified_gmt":"2025-10-29T08:33:13","slug":"naudota-jcb-kabina","status":"publish","type":"product","link":"https:\/\/kasima3.bcapps.lt\/et\/produktas\/naudota-jcb-kabina\/","title":{"rendered":"Kasutatud kabiin JCB jaoks"},"content":{"rendered":"<p>Kasutatud kabiin JCB JS130LC jaoks <br \/>Aasta: 2006<br \/>Tootja osa number: 335\/03322<br \/>Suured aknad optimaalse n\u00e4htavuse tagamiseks t\u00f6\u00f6platsil<br \/>Ehitatud tehase poolt paigaldatud ROPS (Roll-Over Protective Structure) kaitsekonstruktsiooniga operaatori kaitsmiseks.<\/p>\n","protected":false},"excerpt":{"rendered":"<p>Hind ilma k\u00e4ibemaksuta<\/p>\n<p>Tootja: JCB<br \/>Mudel: JS130LC0002<br \/>Helista:<a href=\"tel:+37060842988\">+37060842988<\/a><br \/>E-post: <a href=\"mailto:usedparts@kasima3.bcapps.lt\">usedparts@kasima3.bcapps.lt<\/a><\/p>\n","protected":false},"featured_media":57050,"template":"","meta":{"_et_pb_use_builder":"","_et_pb_old_content":"","_et_gb_content_width":""},"product_brand":[],"product_cat":[426,319,431],"product_tag":[],"class_list":{"0":"post-31506","1":"product","2":"type-product","3":"status-publish","4":"has-post-thumbnail","6":"product_cat-jcb-varuosade","7":"product_cat-kasutatud-varuosade","8":"product_cat-ehitusmasinad-varuosade","10":"first","11":"instock","12":"taxable","13":"shipping-taxable","14":"purchasable","15":"product-type-simple"},"_links":{"self":[{"href":"https:\/\/kasima3.bcapps.lt\/et\/wp-json\/wp\/v2\/product\/31506","targetHints":{"allow":["GET"]}}],"collection":[{"href":"https:\/\/kasima3.bcapps.lt\/et\/wp-json\/wp\/v2\/product"}],"about":[{"href":"https:\/\/kasima3.bcapps.lt\/et\/wp-json\/wp\/v2\/types\/product"}],"wp:featuredmedia":[{"embeddable":true,"href":"https:\/\/kasima3.bcapps.lt\/et\/wp-json\/wp\/v2\/media\/57050"}],"wp:attachment":[{"href":"https:\/\/kasima3.bcapps.lt\/et\/wp-json\/wp\/v2\/media?parent=31506"}],"wp:term":[{"taxonomy":"product_brand","embeddable":true,"href":"https:\/\/kasima3.bcapps.lt\/et\/wp-json\/wp\/v2\/product_brand?post=31506"},{"taxonomy":"product_cat","embeddable":true,"href":"https:\/\/kasima3.bcapps.lt\/et\/wp-json\/wp\/v2\/product_cat?post=31506"},{"taxonomy":"product_tag","embeddable":true,"href":"https:\/\/kasima3.bcapps.lt\/et\/wp-json\/wp\/v2\/product_tag?post=31506"}],"curies":[{"name":"wp","href":"https:\/\/api.w.org\/{rel}","templated":true}]}}