{"id":31547,"date":"2024-11-12T13:16:43","date_gmt":"2024-11-12T13:16:43","guid":{"rendered":"https:\/\/kasima.lt\/produktas\/naudotas-atlas-kauso-hidraulinis-cilindras\/"},"modified":"2025-10-29T08:33:13","modified_gmt":"2025-10-29T08:33:13","slug":"naudotas-atlas-kauso-hidraulinis-cilindras","status":"publish","type":"product","link":"https:\/\/kasima3.bcapps.lt\/et\/produktas\/naudotas-atlas-kauso-hidraulinis-cilindras\/","title":{"rendered":"Kasutatud koppide h\u00fcdrosilinder Atlas jaoks"},"content":{"rendered":"<p>Kasutatud koppide h\u00fcdrosilinder Atlas 1604 jaoks<br \/>Aasta: 2003<br \/>Silindri number: 3097987 \/ 200249 02<br \/>Kasutatud, t\u00e4iesti t\u00f6\u00f6korras, t\u00fc\u00fcpilise kulumisega<br \/>Kontrollib koppide liikumist t\u00f5stmiseks, kaevamiseks ja kallamiseks.<br \/>Ehitatud vastu pidama k\u00f5rgele survele, ideaalne t\u00f6\u00f6koha rangetele n\u00f5udmistele.<br \/>\u00dchildub Atlase ekskavaatorite mudelitega, sealhulgas Atlas 1504, 1304 ja valitud Atlas 1704 variantidega.<\/p>\n","protected":false},"excerpt":{"rendered":"<p>Hind ilma k\u00e4ibemaksuta<\/p>\n<p>Tootja:ATLAS<br \/>Mudel: AT16040009<br \/>Helista:<a href=\"tel:+37060842988\">+37060842988<\/a><br \/>E-post: <a href=\"mailto:usedparts@kasima3.bcapps.lt\">usedparts@kasima3.bcapps.lt<\/a><\/p>\n","protected":false},"featured_media":31533,"template":"","meta":{"_et_pb_use_builder":"","_et_pb_old_content":"","_et_gb_content_width":""},"product_brand":[],"product_cat":[485,319,431],"product_tag":[],"class_list":{"0":"post-31547","1":"product","2":"type-product","3":"status-publish","4":"has-post-thumbnail","6":"product_cat-atlase-osad","7":"product_cat-kasutatud-varuosade","8":"product_cat-ehitusmasinad-varuosade","10":"first","11":"instock","12":"taxable","13":"shipping-taxable","14":"purchasable","15":"product-type-simple"},"_links":{"self":[{"href":"https:\/\/kasima3.bcapps.lt\/et\/wp-json\/wp\/v2\/product\/31547","targetHints":{"allow":["GET"]}}],"collection":[{"href":"https:\/\/kasima3.bcapps.lt\/et\/wp-json\/wp\/v2\/product"}],"about":[{"href":"https:\/\/kasima3.bcapps.lt\/et\/wp-json\/wp\/v2\/types\/product"}],"wp:featuredmedia":[{"embeddable":true,"href":"https:\/\/kasima3.bcapps.lt\/et\/wp-json\/wp\/v2\/media\/31533"}],"wp:attachment":[{"href":"https:\/\/kasima3.bcapps.lt\/et\/wp-json\/wp\/v2\/media?parent=31547"}],"wp:term":[{"taxonomy":"product_brand","embeddable":true,"href":"https:\/\/kasima3.bcapps.lt\/et\/wp-json\/wp\/v2\/product_brand?post=31547"},{"taxonomy":"product_cat","embeddable":true,"href":"https:\/\/kasima3.bcapps.lt\/et\/wp-json\/wp\/v2\/product_cat?post=31547"},{"taxonomy":"product_tag","embeddable":true,"href":"https:\/\/kasima3.bcapps.lt\/et\/wp-json\/wp\/v2\/product_tag?post=31547"}],"curies":[{"name":"wp","href":"https:\/\/api.w.org\/{rel}","templated":true}]}}