{"id":31587,"date":"2024-11-14T07:23:18","date_gmt":"2024-11-14T07:23:18","guid":{"rendered":"https:\/\/kasima.lt\/produktas\/naudoti-jcb-viksrai-su-grandine\/"},"modified":"2025-10-29T08:33:14","modified_gmt":"2025-10-29T08:33:14","slug":"naudoti-jcb-viksrai-su-grandine","status":"publish","type":"product","link":"https:\/\/kasima3.bcapps.lt\/et\/produktas\/naudoti-jcb-viksrai-su-grandine\/","title":{"rendered":"Kasutatud kettaga r\u00f6\u00f6pad JCB jaoks"},"content":{"rendered":"<p>Kasutatud ketiga roomikud JCB JS130LC<br \/>M\u00fc\u00fcgil on kasutatud kettaga roomikud, mis sobivad erinevate JCB ekskavaatorite mudelitega. Need komponendid tagavad kindla veoj\u00f5u, vastupidavuse ja on olulised stabiilse liikumise s\u00e4ilitamiseks n\u00f5udlikel t\u00f6\u00f6platsidel.<br \/>Aasta: 2006<br \/>Osanumbrid<br \/>333\/J9380 &#8211; r\u00f6\u00f6bastee koost, mis on m\u00f5eldud vastupidavuse ja optimaalse haardumise tagamiseks erinevatel maastikel.<br \/>331\/49842 &#8211; r\u00f6\u00f6bastee ketil\u00fcli, tagab stabiilse \u00fchenduse r\u00f6\u00f6bastee kingade vahel<br \/>333\/J9380 &#8211; tugevdatud r\u00f6\u00f6basjalg 700mm, raske konstruktsioon pikema eluea tagamiseks<br \/>331\/62410 &#8211; JCB alusvankriga \u00fchilduv r\u00f6\u00f6basjalgade komplekt, mis tagab tasakaalustatud toe ja veoj\u00f5u.     <\/p>\n","protected":false},"excerpt":{"rendered":"<p>Hind ilma k\u00e4ibemaksuta<\/p>\n<p>Tootja: JCB<br \/>Mudel: JS130LC0004<br \/>Helista:<a href=\"tel:+37060842988\">+37060842988<\/a><br \/>E-post: <a href=\"mailto:usedparts@kasima3.bcapps.lt\">usedparts@kasima3.bcapps.lt<\/a><\/p>\n","protected":false},"featured_media":31558,"template":"","meta":{"_et_pb_use_builder":"","_et_pb_old_content":"","_et_gb_content_width":""},"product_brand":[],"product_cat":[426,319,431],"product_tag":[],"class_list":{"0":"post-31587","1":"product","2":"type-product","3":"status-publish","4":"has-post-thumbnail","6":"product_cat-jcb-varuosade","7":"product_cat-kasutatud-varuosade","8":"product_cat-ehitusmasinad-varuosade","10":"first","11":"instock","12":"taxable","13":"shipping-taxable","14":"purchasable","15":"product-type-simple"},"_links":{"self":[{"href":"https:\/\/kasima3.bcapps.lt\/et\/wp-json\/wp\/v2\/product\/31587","targetHints":{"allow":["GET"]}}],"collection":[{"href":"https:\/\/kasima3.bcapps.lt\/et\/wp-json\/wp\/v2\/product"}],"about":[{"href":"https:\/\/kasima3.bcapps.lt\/et\/wp-json\/wp\/v2\/types\/product"}],"wp:featuredmedia":[{"embeddable":true,"href":"https:\/\/kasima3.bcapps.lt\/et\/wp-json\/wp\/v2\/media\/31558"}],"wp:attachment":[{"href":"https:\/\/kasima3.bcapps.lt\/et\/wp-json\/wp\/v2\/media?parent=31587"}],"wp:term":[{"taxonomy":"product_brand","embeddable":true,"href":"https:\/\/kasima3.bcapps.lt\/et\/wp-json\/wp\/v2\/product_brand?post=31587"},{"taxonomy":"product_cat","embeddable":true,"href":"https:\/\/kasima3.bcapps.lt\/et\/wp-json\/wp\/v2\/product_cat?post=31587"},{"taxonomy":"product_tag","embeddable":true,"href":"https:\/\/kasima3.bcapps.lt\/et\/wp-json\/wp\/v2\/product_tag?post=31587"}],"curies":[{"name":"wp","href":"https:\/\/api.w.org\/{rel}","templated":true}]}}