{"id":31662,"date":"2024-11-15T08:31:59","date_gmt":"2024-11-15T08:31:59","guid":{"rendered":"https:\/\/kasima.lt\/produktas\/linde-valdymo-blokas-atlas-ekskavatoriams\/"},"modified":"2025-10-29T08:33:14","modified_gmt":"2025-10-29T08:33:14","slug":"linde-valdymo-blokas-atlas-ekskavatoriams","status":"publish","type":"product","link":"https:\/\/kasima3.bcapps.lt\/et\/produktas\/linde-valdymo-blokas-atlas-ekskavatoriams\/","title":{"rendered":"Linde juhtseade Atlas ekskavaatoritele"},"content":{"rendered":"<p>Kasutatud Linde H2X695P CEB-12\/10 ZD elektrooniline kast Atlas 1604-lt.<br \/>Linde CEB-12\/10 ZD elektrooniline kast on kasutusel erinevate h\u00fcdrauliliste ja elektrooniliste s\u00fcsteemide juhtfunktsioonide jaoks.<br \/>Tootja: Linde<br \/>Mudel: H2X695P, CEB-12\/10 ZD<br \/>Kasutatud, t\u00e4ielikult t\u00f6\u00f6korras<br \/>Algne asendaja Atlas 1604 ja potentsiaalselt teistele mudelitele, mis kasutavad Linde elektroonilisi juhtimiss\u00fcsteeme<\/p>\n","protected":false},"excerpt":{"rendered":"<p>Hind ilma k\u00e4ibemaksuta<\/p>\n<p>Tootja: LINDE<br \/>Mudel: AT16040019<br \/>Helista: <a href=\"tel:+37060842988\">+37060842988<\/a><br \/>E-post: <a href=\"mailto:usedparts@kasima3.bcapps.lt\">usedparts@kasima3.bcapps.lt <\/a><\/p>\n","protected":false},"featured_media":31653,"template":"","meta":{"_et_pb_use_builder":"","_et_pb_old_content":"","_et_gb_content_width":""},"product_brand":[],"product_cat":[485],"product_tag":[],"class_list":{"0":"post-31662","1":"product","2":"type-product","3":"status-publish","4":"has-post-thumbnail","6":"product_cat-atlase-osad","8":"first","9":"instock","10":"taxable","11":"shipping-taxable","12":"purchasable","13":"product-type-simple"},"_links":{"self":[{"href":"https:\/\/kasima3.bcapps.lt\/et\/wp-json\/wp\/v2\/product\/31662","targetHints":{"allow":["GET"]}}],"collection":[{"href":"https:\/\/kasima3.bcapps.lt\/et\/wp-json\/wp\/v2\/product"}],"about":[{"href":"https:\/\/kasima3.bcapps.lt\/et\/wp-json\/wp\/v2\/types\/product"}],"wp:featuredmedia":[{"embeddable":true,"href":"https:\/\/kasima3.bcapps.lt\/et\/wp-json\/wp\/v2\/media\/31653"}],"wp:attachment":[{"href":"https:\/\/kasima3.bcapps.lt\/et\/wp-json\/wp\/v2\/media?parent=31662"}],"wp:term":[{"taxonomy":"product_brand","embeddable":true,"href":"https:\/\/kasima3.bcapps.lt\/et\/wp-json\/wp\/v2\/product_brand?post=31662"},{"taxonomy":"product_cat","embeddable":true,"href":"https:\/\/kasima3.bcapps.lt\/et\/wp-json\/wp\/v2\/product_cat?post=31662"},{"taxonomy":"product_tag","embeddable":true,"href":"https:\/\/kasima3.bcapps.lt\/et\/wp-json\/wp\/v2\/product_tag?post=31662"}],"curies":[{"name":"wp","href":"https:\/\/api.w.org\/{rel}","templated":true}]}}