{"id":31684,"date":"2024-11-19T08:47:04","date_gmt":"2024-11-19T08:47:04","guid":{"rendered":"https:\/\/kasima.lt\/produktas\/trelleborg-sk-900-14-17-5-14p-r-nhs-padanga-su-ratlankiu\/"},"modified":"2025-10-29T08:33:14","modified_gmt":"2025-10-29T08:33:14","slug":"trelleborg-sk-900-14-17-5-14p-r-nhs-padanga-su-ratlankiu","status":"publish","type":"product","link":"https:\/\/kasima3.bcapps.lt\/et\/produktas\/trelleborg-sk-900-14-17-5-14p-r-nhs-padanga-su-ratlankiu\/","title":{"rendered":"Trelleborg SK-900 14-17.5 14P.R. NHS rehv koos veljega"},"content":{"rendered":"<p>Trelleborg SK-900 14-17.5 14P.R. NHS rehv koos veljega Bobcatile<br \/>See Trelleborg SK-900 rehv koos veljega on m\u00f5eldud kasutamiseks Bobcati liuglaaduritel ja muudel \u00fchilduvatel masinatel. See rehv on tuntud oma vastupidavuse ja suure j\u00f5udlusega konstruktsiooni poolest ning tagab usaldusv\u00e4\u00e4rse veoj\u00f5u ja pikaealisuse n\u00f5udlikes tingimustes.<br \/>Kaubam\u00e4rk: Trelleborg<br \/>Mudel: SK-900<br \/>Rehvi suurus: 14-17.5<br \/>Ply hinnang: (14-kihiline konstruktsioon lisakestvuse tagamiseks).<br \/>T\u00fc\u00fcp: NHS (Non-Highway Service)<br \/>Kasutatud, hea turvisemustri s\u00fcgavus ja velg kaasas.<br \/>Sobib Bobcat libisemisseadmetele ja teistele masinatele, mis kasutavad seda rehvim\u00f5\u00f5tu       <\/p>\n","protected":false},"excerpt":{"rendered":"<p>Hind ilma k\u00e4ibemaksuta<\/p>\n<p>Tootja: TRELLEBORG<br \/>Mudel: KND0077<br \/>Helista: <a href=\"tel:+37060842988\">+37060842988<\/a><br \/>E-post: <a href=\"mailto:usedparts@kasima3.bcapps.lt\">usedparts@kasima3.bcapps.lt <\/a><\/p>\n","protected":false},"featured_media":31675,"template":"","meta":{"_et_pb_use_builder":"","_et_pb_old_content":"","_et_gb_content_width":""},"product_brand":[],"product_cat":[405,319,431],"product_tag":[],"class_list":{"0":"post-31684","1":"product","2":"type-product","3":"status-publish","4":"has-post-thumbnail","6":"product_cat-bobcati-osad","7":"product_cat-kasutatud-varuosade","8":"product_cat-ehitusmasinad-varuosade","10":"first","11":"instock","12":"taxable","13":"shipping-taxable","14":"purchasable","15":"product-type-simple"},"_links":{"self":[{"href":"https:\/\/kasima3.bcapps.lt\/et\/wp-json\/wp\/v2\/product\/31684","targetHints":{"allow":["GET"]}}],"collection":[{"href":"https:\/\/kasima3.bcapps.lt\/et\/wp-json\/wp\/v2\/product"}],"about":[{"href":"https:\/\/kasima3.bcapps.lt\/et\/wp-json\/wp\/v2\/types\/product"}],"wp:featuredmedia":[{"embeddable":true,"href":"https:\/\/kasima3.bcapps.lt\/et\/wp-json\/wp\/v2\/media\/31675"}],"wp:attachment":[{"href":"https:\/\/kasima3.bcapps.lt\/et\/wp-json\/wp\/v2\/media?parent=31684"}],"wp:term":[{"taxonomy":"product_brand","embeddable":true,"href":"https:\/\/kasima3.bcapps.lt\/et\/wp-json\/wp\/v2\/product_brand?post=31684"},{"taxonomy":"product_cat","embeddable":true,"href":"https:\/\/kasima3.bcapps.lt\/et\/wp-json\/wp\/v2\/product_cat?post=31684"},{"taxonomy":"product_tag","embeddable":true,"href":"https:\/\/kasima3.bcapps.lt\/et\/wp-json\/wp\/v2\/product_tag?post=31684"}],"curies":[{"name":"wp","href":"https:\/\/api.w.org\/{rel}","templated":true}]}}