{"id":31691,"date":"2024-11-19T13:21:53","date_gmt":"2024-11-19T13:21:53","guid":{"rendered":"https:\/\/kasima.lt\/produktas\/naudotos-volvo-d6deje2-variklio-dalys\/"},"modified":"2025-10-29T08:33:14","modified_gmt":"2025-10-29T08:33:14","slug":"naudotos-volvo-d6deje2-variklio-dalys","status":"publish","type":"product","link":"https:\/\/kasima3.bcapps.lt\/et\/produktas\/naudotos-volvo-d6deje2-variklio-dalys\/","title":{"rendered":"Kasutatud Volvo D6DEJE2 mootori osad"},"content":{"rendered":"<p>M\u00fc\u00fcgil olevad kasutatud Volvo D6DEJE2 mootori osad <br \/>Mootori kood: VOE14377636<br \/>Pakume kasutatud mootoriosasid Volvo D6DEJE2 mootorile (2003, 110 kW). K\u00f5ik osad on Volvo originaalkomponendid, mis tagavad sobivuse ja j\u00f5udluse. Puhastatud ja funktsionaalsuse osas testitud, et tagada nende vastavus teie Volvo D6DEJE2 mootori vajalikele j\u00f5udlusstandarditele. Me garanteerime iga osa kvaliteedi ning esitame soovi korral \u00fcksikasjalikud fotod ja kirjeldused.<br \/>Me tarnime kogu maailma, tagades, et saate vajalikud osad, kus iganes te ka ei asuks.<br \/>Saadaolevad kasutatud mootoriosad:<br \/>VOE20460075: K\u00fctusepritseerija <br \/>VOE14377289: \u00d5hukompressor <br \/>VOE20515585: turbolaaduri \u00f5hu sisselaskeava.<br \/>VOE20747867: Mootori pea <br \/>VOE21351400: nukkv\u00f5ll .<br \/>VOE20502005: Kurbliv\u00f5lli<br \/>VOE20459041: starter <br \/>VOE20459152: rihmaratas <br \/>VOE22442987: Hammasrattapump <br \/>VOE20496558: sisselaskekollektor<br \/>VOE20459831: Valve Cover: Valve Cover <br \/>VOE20459129: Flywheel <br \/>VOE20851091: V\u00f5llit\u00f5ll <br \/>VOE17204355: vahelduvvooluallikas<br \/>VOE21018780: H\u00f5lmaratta korpus <br \/>VOE21044436: hooratta korpus <br \/>VOE20459863: Ventilaatori rihmaratas <br \/>VOE20511773: Mootori \u00f5lijahuti        <\/p>\n","protected":false},"excerpt":{"rendered":"<p>Hind ilma k\u00e4ibemaksuta<\/p>\n<p>Tootja: VOLVO<br \/>Mudel: D6DEJE2<br \/>Helista: <a href=\"tel:+37060842988\">+37060842988<\/a><br \/>E-post: <a href=\"mailto:usedparts@kasima3.bcapps.lt\">usedparts@kasima3.bcapps.lt <\/a><\/p>\n","protected":false},"featured_media":22610,"template":"","meta":{"_et_pb_use_builder":"","_et_pb_old_content":"","_et_gb_content_width":""},"product_brand":[],"product_cat":[397,338,319,431],"product_tag":[],"class_list":{"0":"post-31691","1":"product","2":"type-product","3":"status-publish","4":"has-post-thumbnail","6":"product_cat-volvo-varuosade","7":"product_cat-uncategorized-et","8":"product_cat-kasutatud-varuosade","9":"product_cat-ehitusmasinad-varuosade","11":"first","12":"instock","13":"taxable","14":"shipping-taxable","15":"product-type-simple"},"_links":{"self":[{"href":"https:\/\/kasima3.bcapps.lt\/et\/wp-json\/wp\/v2\/product\/31691","targetHints":{"allow":["GET"]}}],"collection":[{"href":"https:\/\/kasima3.bcapps.lt\/et\/wp-json\/wp\/v2\/product"}],"about":[{"href":"https:\/\/kasima3.bcapps.lt\/et\/wp-json\/wp\/v2\/types\/product"}],"wp:featuredmedia":[{"embeddable":true,"href":"https:\/\/kasima3.bcapps.lt\/et\/wp-json\/wp\/v2\/media\/22610"}],"wp:attachment":[{"href":"https:\/\/kasima3.bcapps.lt\/et\/wp-json\/wp\/v2\/media?parent=31691"}],"wp:term":[{"taxonomy":"product_brand","embeddable":true,"href":"https:\/\/kasima3.bcapps.lt\/et\/wp-json\/wp\/v2\/product_brand?post=31691"},{"taxonomy":"product_cat","embeddable":true,"href":"https:\/\/kasima3.bcapps.lt\/et\/wp-json\/wp\/v2\/product_cat?post=31691"},{"taxonomy":"product_tag","embeddable":true,"href":"https:\/\/kasima3.bcapps.lt\/et\/wp-json\/wp\/v2\/product_tag?post=31691"}],"curies":[{"name":"wp","href":"https:\/\/api.w.org\/{rel}","templated":true}]}}