{"id":31732,"date":"2024-11-20T13:54:00","date_gmt":"2024-11-20T13:54:00","guid":{"rendered":"https:\/\/kasima.lt\/produktas\/naudoti-komatsu-voztuvai-uzraktai-su-vamzdziais\/"},"modified":"2025-10-29T08:33:15","modified_gmt":"2025-10-29T08:33:15","slug":"naudoti-komatsu-voztuvai-uzraktai-su-vamzdziais","status":"publish","type":"product","link":"https:\/\/kasima3.bcapps.lt\/et\/produktas\/naudoti-komatsu-voztuvai-uzraktai-su-vamzdziais\/","title":{"rendered":"Kasutatud Komatsu ventiilid\/lukud koos torudega"},"content":{"rendered":"<p>Kasutatud h\u00fcdraulikaventiilid\/lukud koos torudega Komatsu PW160 (2007) jaoks<br \/>Osanumbrid:<br \/>20G-70-33910 (h\u00fcdraulikaventiil\/lukk)<br \/>20G-62-34510 (h\u00fcdrauliline toru)<br \/>20G-70-33890 (h\u00fcdraulikaventiil\/lukk)<br \/>20G-62-34480 (h\u00fcdrauliline toru)<br \/>Aasta: 2007<br \/>Pakume kasutatud h\u00fcdraulikaventiilide\/lukkude komplekti koos torudega, mis on eemaldatud Komatsu PW160 ratastega ekskavaatorist (2007). Need osad on suurep\u00e4rases t\u00f6\u00f6korras, p\u00f5hjalikult kontrollitud, et vastata kasutusn\u00f5uetele.<br \/> Kasutatud, kuid t\u00e4ielikult t\u00f6\u00f6korras, kontrollitud funktsionaalsus.<br \/>20G-70-33910 &amp; 20G-70-33890: H\u00fcdraulikaventiilid\/lukud, mis on ette n\u00e4htud voolu reguleerimiseks ja s\u00fcsteemi r\u00f5hu reguleerimiseks.<br \/>20G-62-34510 &amp; 20G-62-34480: Komatsu PW160-ga \u00fchilduvad h\u00fcdrotorud, mis tagavad t\u00f5husa vedelikuvahetuse.<br \/>Oluline osa h\u00fcdraulikas\u00fcsteemide hooldamiseks ja kontrollimiseks ehitus- ja kaevet\u00f6\u00f6del.     <\/p>\n","protected":false},"excerpt":{"rendered":"<p>Hind ilma k\u00e4ibemaksuta<\/p>\n<p>Tootja: KOMATSU<br \/>Mudel: PW16070090<br \/>Helista: <a href=\"tel:+37060842988\">+37060842988<\/a><br \/>E-post: <a href=\"mailto:usedparts@kasima3.bcapps.lt\">usedparts@kasima3.bcapps.lt <\/a><\/p>\n","protected":false},"featured_media":31728,"template":"","meta":{"_et_pb_use_builder":"","_et_pb_old_content":"","_et_gb_content_width":""},"product_brand":[],"product_cat":[338],"product_tag":[],"class_list":{"0":"post-31732","1":"product","2":"type-product","3":"status-publish","4":"has-post-thumbnail","6":"product_cat-uncategorized-et","8":"first","9":"instock","10":"taxable","11":"shipping-taxable","12":"purchasable","13":"product-type-simple"},"_links":{"self":[{"href":"https:\/\/kasima3.bcapps.lt\/et\/wp-json\/wp\/v2\/product\/31732","targetHints":{"allow":["GET"]}}],"collection":[{"href":"https:\/\/kasima3.bcapps.lt\/et\/wp-json\/wp\/v2\/product"}],"about":[{"href":"https:\/\/kasima3.bcapps.lt\/et\/wp-json\/wp\/v2\/types\/product"}],"wp:featuredmedia":[{"embeddable":true,"href":"https:\/\/kasima3.bcapps.lt\/et\/wp-json\/wp\/v2\/media\/31728"}],"wp:attachment":[{"href":"https:\/\/kasima3.bcapps.lt\/et\/wp-json\/wp\/v2\/media?parent=31732"}],"wp:term":[{"taxonomy":"product_brand","embeddable":true,"href":"https:\/\/kasima3.bcapps.lt\/et\/wp-json\/wp\/v2\/product_brand?post=31732"},{"taxonomy":"product_cat","embeddable":true,"href":"https:\/\/kasima3.bcapps.lt\/et\/wp-json\/wp\/v2\/product_cat?post=31732"},{"taxonomy":"product_tag","embeddable":true,"href":"https:\/\/kasima3.bcapps.lt\/et\/wp-json\/wp\/v2\/product_tag?post=31732"}],"curies":[{"name":"wp","href":"https:\/\/api.w.org\/{rel}","templated":true}]}}