{"id":32109,"date":"2024-12-04T12:20:35","date_gmt":"2024-12-04T12:20:35","guid":{"rendered":"https:\/\/kasima.lt\/produktas\/naudotas-atlas-1604-varantysis-galinis-velenas\/"},"modified":"2025-10-29T08:33:16","modified_gmt":"2025-10-29T08:33:16","slug":"naudotas-atlas-1604-varantysis-galinis-velenas","status":"publish","type":"product","link":"https:\/\/kasima3.bcapps.lt\/et\/produktas\/naudotas-atlas-1604-varantysis-galinis-velenas\/","title":{"rendered":"Kasutatud tagumine veov\u00f5ll Atlas 1604 jaoks"},"content":{"rendered":"<p>Pakume kasutatud tagumist veov\u00f5lli, mis on eemaldatud Atlas 1604 ekskavaatorist (2003. aasta mudel). See oluline ajami komponent tagab t\u00f5husa j\u00f5u\u00fclekande tagateljele, v\u00f5imaldades sujuvat t\u00f6\u00f6d rasketel ehitus- ja kaevet\u00f6\u00f6del.<br \/>Kasutatud, kuid t\u00e4ielikult t\u00f6\u00f6korras: kontrollitud ja kontrollitud struktuurilise terviklikkuse ja usaldusv\u00e4\u00e4rse toimimise osas.<br \/>Ei sisalda n\u00e4htavaid pragusid, v\u00e4\u00e4ndeid ega m\u00e4rkimisv\u00e4\u00e4rset kulumist.<br \/>Konstrueeritud spetsiaalselt Atlas 1604 ekskavaatorile (2003. aasta mudel), kuid v\u00f5ib sobida ka teistele Atlase mudelitele v\u00f5i \u00fchilduvatele masinatele.<br \/>Pakume tarnev\u00f5imalusi kogu maailmas.     <\/p>\n","protected":false},"excerpt":{"rendered":"<p>Hind ilma k\u00e4ibemaksuta<\/p>\n<p>Tootja: ATLAS<br \/>Mudel: AT16040025<br \/>Helista: <a href=\"tel:+37060842988\">+37060842988<\/a><br \/>E-post: <a href=\"mailto:usedparts@kasima3.bcapps.lt\">usedparts@kasima3.bcapps.lt <\/a><\/p>\n","protected":false},"featured_media":32105,"template":"","meta":{"_et_pb_use_builder":"","_et_pb_old_content":"","_et_gb_content_width":""},"product_brand":[],"product_cat":[485,319,431],"product_tag":[],"class_list":{"0":"post-32109","1":"product","2":"type-product","3":"status-publish","4":"has-post-thumbnail","6":"product_cat-atlase-osad","7":"product_cat-kasutatud-varuosade","8":"product_cat-ehitusmasinad-varuosade","10":"first","11":"instock","12":"taxable","13":"shipping-taxable","14":"purchasable","15":"product-type-simple"},"_links":{"self":[{"href":"https:\/\/kasima3.bcapps.lt\/et\/wp-json\/wp\/v2\/product\/32109","targetHints":{"allow":["GET"]}}],"collection":[{"href":"https:\/\/kasima3.bcapps.lt\/et\/wp-json\/wp\/v2\/product"}],"about":[{"href":"https:\/\/kasima3.bcapps.lt\/et\/wp-json\/wp\/v2\/types\/product"}],"wp:featuredmedia":[{"embeddable":true,"href":"https:\/\/kasima3.bcapps.lt\/et\/wp-json\/wp\/v2\/media\/32105"}],"wp:attachment":[{"href":"https:\/\/kasima3.bcapps.lt\/et\/wp-json\/wp\/v2\/media?parent=32109"}],"wp:term":[{"taxonomy":"product_brand","embeddable":true,"href":"https:\/\/kasima3.bcapps.lt\/et\/wp-json\/wp\/v2\/product_brand?post=32109"},{"taxonomy":"product_cat","embeddable":true,"href":"https:\/\/kasima3.bcapps.lt\/et\/wp-json\/wp\/v2\/product_cat?post=32109"},{"taxonomy":"product_tag","embeddable":true,"href":"https:\/\/kasima3.bcapps.lt\/et\/wp-json\/wp\/v2\/product_tag?post=32109"}],"curies":[{"name":"wp","href":"https:\/\/api.w.org\/{rel}","templated":true}]}}