{"id":32129,"date":"2024-12-04T12:42:54","date_gmt":"2024-12-04T12:42:54","guid":{"rendered":"https:\/\/kasima.lt\/produktas\/naudotas-barksdale-slegio-jutiklis\/"},"modified":"2025-10-29T08:33:16","modified_gmt":"2025-10-29T08:33:16","slug":"naudotas-barksdale-slegio-jutiklis","status":"publish","type":"product","link":"https:\/\/kasima3.bcapps.lt\/et\/produktas\/naudotas-barksdale-slegio-jutiklis\/","title":{"rendered":"Kasutatud Barksdale&#8217;i r\u00f5huandur"},"content":{"rendered":"<p>Mudel: Barksdale X1T-4102-40-GE42<br \/>Reguleeritav vahemik: 30-400<br \/>Maksimaalne r\u00f5hk: 600<br \/>Seerianumber: K312676.1\/097<br \/>Seisund: Tingimus: Kasutatud, heas t\u00f6\u00f6korras<br \/>Pakume kasutatud Barksdale r\u00f5huandurit, mis on eemaldatud Atlas 1604 ekskavaatorist. See kvaliteetne komponent on h\u00e4davajalik ekskavaatorite v\u00f5i muude raskete masinate h\u00fcdraulilise r\u00f5hu j\u00e4lgimiseks ja reguleerimiseks, tagades ohutu ja t\u00f5husa t\u00f6\u00f6.<br \/>\u00dclemaailmne tarne turvalise pakendiga   <\/p>\n","protected":false},"excerpt":{"rendered":"<p>Hind ilma k\u00e4ibemaksuta<\/p>\n<p>Tootja: BARKSDALE<br \/>Mudel: AT16040026<br \/>Helista: <a href=\"tel:+37060842988\">+37060842988<\/a><br \/>E-post: <a href=\"mailto:usedparts@kasima3.bcapps.lt\">usedparts@kasima3.bcapps.lt <\/a><\/p>\n","protected":false},"featured_media":32120,"template":"","meta":{"_et_pb_use_builder":"","_et_pb_old_content":"","_et_gb_content_width":""},"product_brand":[],"product_cat":[485,491,319,431],"product_tag":[],"class_list":{"0":"post-32129","1":"product","2":"type-product","3":"status-publish","4":"has-post-thumbnail","6":"product_cat-atlase-osad","7":"product_cat-elektroonika-osad","8":"product_cat-kasutatud-varuosade","9":"product_cat-ehitusmasinad-varuosade","11":"first","12":"instock","13":"taxable","14":"shipping-taxable","15":"purchasable","16":"product-type-simple"},"_links":{"self":[{"href":"https:\/\/kasima3.bcapps.lt\/et\/wp-json\/wp\/v2\/product\/32129","targetHints":{"allow":["GET"]}}],"collection":[{"href":"https:\/\/kasima3.bcapps.lt\/et\/wp-json\/wp\/v2\/product"}],"about":[{"href":"https:\/\/kasima3.bcapps.lt\/et\/wp-json\/wp\/v2\/types\/product"}],"wp:featuredmedia":[{"embeddable":true,"href":"https:\/\/kasima3.bcapps.lt\/et\/wp-json\/wp\/v2\/media\/32120"}],"wp:attachment":[{"href":"https:\/\/kasima3.bcapps.lt\/et\/wp-json\/wp\/v2\/media?parent=32129"}],"wp:term":[{"taxonomy":"product_brand","embeddable":true,"href":"https:\/\/kasima3.bcapps.lt\/et\/wp-json\/wp\/v2\/product_brand?post=32129"},{"taxonomy":"product_cat","embeddable":true,"href":"https:\/\/kasima3.bcapps.lt\/et\/wp-json\/wp\/v2\/product_cat?post=32129"},{"taxonomy":"product_tag","embeddable":true,"href":"https:\/\/kasima3.bcapps.lt\/et\/wp-json\/wp\/v2\/product_tag?post=32129"}],"curies":[{"name":"wp","href":"https:\/\/api.w.org\/{rel}","templated":true}]}}