{"id":32239,"date":"2024-12-04T14:52:07","date_gmt":"2024-12-04T14:52:07","guid":{"rendered":"https:\/\/kasima.lt\/produktas\/hidrauliniai-streles-cilindrai\/"},"modified":"2025-10-29T08:33:17","modified_gmt":"2025-10-29T08:33:17","slug":"hidrauliniai-streles-cilindrai","status":"publish","type":"product","link":"https:\/\/kasima3.bcapps.lt\/et\/produktas\/hidrauliniai-streles-cilindrai\/","title":{"rendered":"H\u00fcdraulilised poom silindrid"},"content":{"rendered":"<p>Kasutatud Atlas 1604 ekskavaatori h\u00fcdraulilise poomi silindrid <br \/>Aasta: 2003<br \/>Osanumbrid:<br \/>426 063 935 9.<br \/>Vasakpoolne silinder: 200418 03 \/ 3071114<br \/>Parem silinder: 200486 03 \/ 3071114<br \/>Pakume kasutatud h\u00fcdraulilise poomi silindrite komplekti Atlas 1604 ekskavaatorile (2003. aasta mudel). Need silindrid m\u00e4ngivad olulist rolli poomi liikumise kontrollimisel ja tagavad teie masina t\u00e4pse t\u00f5stmise ja liikumise v\u00f5ime.<br \/>Testitud lekete, pragude ja kulumise suhtes &#8211; probleeme ei leitud.<br \/>Valmis paigaldamiseks ja kasutamiseks.<br \/>\u00dclemaailmne tarne <br \/>Hind \u00fchiku kohta    <\/p>\n","protected":false},"excerpt":{"rendered":"<p>Hind ilma k\u00e4ibemaksuta<\/p>\n<p>Tootja: ATLAS<br \/>Mudel: AT16040010<br \/>Helista: <a href=\"tel:+37060842988\">+37060842988<\/a><br \/>E-post: <a href=\"mailto:usedparts@kasima3.bcapps.lt\">usedparts@kasima3.bcapps.lt <\/a><\/p>\n","protected":false},"featured_media":32230,"template":"","meta":{"_et_pb_use_builder":"","_et_pb_old_content":"","_et_gb_content_width":""},"product_brand":[],"product_cat":[485,319,431],"product_tag":[],"class_list":{"0":"post-32239","1":"product","2":"type-product","3":"status-publish","4":"has-post-thumbnail","6":"product_cat-atlase-osad","7":"product_cat-kasutatud-varuosade","8":"product_cat-ehitusmasinad-varuosade","10":"first","11":"instock","12":"taxable","13":"shipping-taxable","14":"purchasable","15":"product-type-simple"},"_links":{"self":[{"href":"https:\/\/kasima3.bcapps.lt\/et\/wp-json\/wp\/v2\/product\/32239","targetHints":{"allow":["GET"]}}],"collection":[{"href":"https:\/\/kasima3.bcapps.lt\/et\/wp-json\/wp\/v2\/product"}],"about":[{"href":"https:\/\/kasima3.bcapps.lt\/et\/wp-json\/wp\/v2\/types\/product"}],"wp:featuredmedia":[{"embeddable":true,"href":"https:\/\/kasima3.bcapps.lt\/et\/wp-json\/wp\/v2\/media\/32230"}],"wp:attachment":[{"href":"https:\/\/kasima3.bcapps.lt\/et\/wp-json\/wp\/v2\/media?parent=32239"}],"wp:term":[{"taxonomy":"product_brand","embeddable":true,"href":"https:\/\/kasima3.bcapps.lt\/et\/wp-json\/wp\/v2\/product_brand?post=32239"},{"taxonomy":"product_cat","embeddable":true,"href":"https:\/\/kasima3.bcapps.lt\/et\/wp-json\/wp\/v2\/product_cat?post=32239"},{"taxonomy":"product_tag","embeddable":true,"href":"https:\/\/kasima3.bcapps.lt\/et\/wp-json\/wp\/v2\/product_tag?post=32239"}],"curies":[{"name":"wp","href":"https:\/\/api.w.org\/{rel}","templated":true}]}}