{"id":32299,"date":"2024-12-05T14:20:16","date_gmt":"2024-12-05T14:20:16","guid":{"rendered":"https:\/\/kasima.lt\/produktas\/desines-puses-kebulo-durys-is-atlas-1604\/"},"modified":"2025-10-29T08:33:18","modified_gmt":"2025-10-29T08:33:18","slug":"desines-puses-kebulo-durys-is-atlas-1604","status":"publish","type":"product","link":"https:\/\/kasima3.bcapps.lt\/et\/produktas\/desines-puses-kebulo-durys-is-atlas-1604\/","title":{"rendered":"Atlas 1604 parempoolsed korpusuksed"},"content":{"rendered":"<p>Kasutatud parempoolsed kereuksed Atlas 1604 ekskavaatorist<br \/>Aasta: 2003<br \/>Pakume kasutatud parempoolseid kere uksi, mis on hoolikalt eemaldatud Atlas 1604 ekskavaatorist. Need paneelid on m\u00f5eldud masina kriitiliste komponentide kaitsmiseks ning ekskavaatori t\u00f6\u00f6ohutuse ja v\u00e4limuse s\u00e4ilitamiseks. Need on valmistatud vastupidavuse tagamiseks ja sobivad ideaalselt raskeveokite t\u00f6\u00f6keskkondadesse.<br \/>\u00dclemaailmne tarne   <\/p>\n","protected":false},"excerpt":{"rendered":"<p>Hind ilma k\u00e4ibemaksuta<\/p>\n<p>Tootja: ATLAS<br \/>Mudel: AT16040031<br \/>Helista:<a href=\"tel:+37060842988\"> +37060842988<\/a><br \/>E-post: <a href=\"mailto:usedparts@kasima3.bcapps.lt\">usedparts@kasima3.bcapps.lt <\/a><\/p>\n","protected":false},"featured_media":32285,"template":"","meta":{"_et_pb_use_builder":"","_et_pb_old_content":"","_et_gb_content_width":""},"product_brand":[],"product_cat":[485,319,431],"product_tag":[],"class_list":{"0":"post-32299","1":"product","2":"type-product","3":"status-publish","4":"has-post-thumbnail","6":"product_cat-atlase-osad","7":"product_cat-kasutatud-varuosade","8":"product_cat-ehitusmasinad-varuosade","10":"first","11":"instock","12":"taxable","13":"shipping-taxable","14":"purchasable","15":"product-type-simple"},"_links":{"self":[{"href":"https:\/\/kasima3.bcapps.lt\/et\/wp-json\/wp\/v2\/product\/32299","targetHints":{"allow":["GET"]}}],"collection":[{"href":"https:\/\/kasima3.bcapps.lt\/et\/wp-json\/wp\/v2\/product"}],"about":[{"href":"https:\/\/kasima3.bcapps.lt\/et\/wp-json\/wp\/v2\/types\/product"}],"wp:featuredmedia":[{"embeddable":true,"href":"https:\/\/kasima3.bcapps.lt\/et\/wp-json\/wp\/v2\/media\/32285"}],"wp:attachment":[{"href":"https:\/\/kasima3.bcapps.lt\/et\/wp-json\/wp\/v2\/media?parent=32299"}],"wp:term":[{"taxonomy":"product_brand","embeddable":true,"href":"https:\/\/kasima3.bcapps.lt\/et\/wp-json\/wp\/v2\/product_brand?post=32299"},{"taxonomy":"product_cat","embeddable":true,"href":"https:\/\/kasima3.bcapps.lt\/et\/wp-json\/wp\/v2\/product_cat?post=32299"},{"taxonomy":"product_tag","embeddable":true,"href":"https:\/\/kasima3.bcapps.lt\/et\/wp-json\/wp\/v2\/product_tag?post=32299"}],"curies":[{"name":"wp","href":"https:\/\/api.w.org\/{rel}","templated":true}]}}