{"id":32401,"date":"2024-12-06T07:34:09","date_gmt":"2024-12-06T07:34:09","guid":{"rendered":"https:\/\/kasima.lt\/produktas\/linde-hidraulinis-paskirstytojas\/"},"modified":"2025-10-29T08:33:19","modified_gmt":"2025-10-29T08:33:19","slug":"linde-hidraulinis-paskirstytojas","status":"publish","type":"product","link":"https:\/\/kasima3.bcapps.lt\/et\/produktas\/linde-hidraulinis-paskirstytojas\/","title":{"rendered":"Linde h\u00fcdrauliline jaotur"},"content":{"rendered":"<p>Kasutatud Linde h\u00fcdrauliline jaotur Atlas 1604 ekskavaatorist<br \/>Aasta: 2003<br \/>Tootja: Linde<br \/>Osanumbrid: AV4279-6-3, 4663645, <br \/>Ventiil: LINDE\/CEA-09\/02<br \/>Seerianumber: H2X661P05622<br \/>M\u00f5eldud raskeveokitele h\u00fcdraulilistes s\u00fcsteemides.<br \/>Kasutatud, t\u00e4iesti t\u00f6\u00f6korras<br \/>Pakkuda Atlas 1604 ekskavaatorist (2003 aasta mudel) eemaldatud Linde h\u00fcdraulikaventiil. See komponent on kriitilise t\u00e4htsusega h\u00fcdraulikas\u00fcsteemi t\u00e4pseks juhtimiseks, tagades h\u00fcdraulilise vedeliku optimaalse jaotuse masina silindritele ja ajamitele.<br \/>\u00dclemaailmne tarne  <\/p>\n","protected":false},"excerpt":{"rendered":"<p>Hind ilma k\u00e4ibemaksuta<\/p>\n<p>Tootja: LINDE<br \/>Mudel: AT16040033<br \/>Helista:<a href=\"tel:+37060842988\"> +37060842988<\/a><br \/>E-post: <a href=\"mailto:usedparts@kasima3.bcapps.lt\">usedparts@kasima3.bcapps.lt <\/a><\/p>\n","protected":false},"featured_media":32377,"template":"","meta":{"_et_pb_use_builder":"","_et_pb_old_content":"","_et_gb_content_width":""},"product_brand":[],"product_cat":[485,319,431],"product_tag":[],"class_list":{"0":"post-32401","1":"product","2":"type-product","3":"status-publish","4":"has-post-thumbnail","6":"product_cat-atlase-osad","7":"product_cat-kasutatud-varuosade","8":"product_cat-ehitusmasinad-varuosade","10":"first","11":"instock","12":"taxable","13":"shipping-taxable","14":"purchasable","15":"product-type-simple"},"_links":{"self":[{"href":"https:\/\/kasima3.bcapps.lt\/et\/wp-json\/wp\/v2\/product\/32401","targetHints":{"allow":["GET"]}}],"collection":[{"href":"https:\/\/kasima3.bcapps.lt\/et\/wp-json\/wp\/v2\/product"}],"about":[{"href":"https:\/\/kasima3.bcapps.lt\/et\/wp-json\/wp\/v2\/types\/product"}],"wp:featuredmedia":[{"embeddable":true,"href":"https:\/\/kasima3.bcapps.lt\/et\/wp-json\/wp\/v2\/media\/32377"}],"wp:attachment":[{"href":"https:\/\/kasima3.bcapps.lt\/et\/wp-json\/wp\/v2\/media?parent=32401"}],"wp:term":[{"taxonomy":"product_brand","embeddable":true,"href":"https:\/\/kasima3.bcapps.lt\/et\/wp-json\/wp\/v2\/product_brand?post=32401"},{"taxonomy":"product_cat","embeddable":true,"href":"https:\/\/kasima3.bcapps.lt\/et\/wp-json\/wp\/v2\/product_cat?post=32401"},{"taxonomy":"product_tag","embeddable":true,"href":"https:\/\/kasima3.bcapps.lt\/et\/wp-json\/wp\/v2\/product_tag?post=32401"}],"curies":[{"name":"wp","href":"https:\/\/api.w.org\/{rel}","templated":true}]}}