{"id":32446,"date":"2024-12-06T08:36:32","date_gmt":"2024-12-06T08:36:32","guid":{"rendered":"https:\/\/kasima.lt\/produktas\/kuro-filtras-hifi\/"},"modified":"2025-10-29T08:33:19","modified_gmt":"2025-10-29T08:33:19","slug":"kuro-filtras-hifi","status":"publish","type":"product","link":"https:\/\/kasima3.bcapps.lt\/et\/produktas\/kuro-filtras-hifi\/","title":{"rendered":"K\u00fctusefilter HIFI"},"content":{"rendered":"<p>Kasutatud t\u00e4iesti t\u00f6\u00f6korras k\u00fctusefiltri koost HIFI SN909030 alates Atlas 1604 ekskavaatorist.<br \/>Tootja: HIFI<br \/> Osa number: SN909030<br \/>T\u00e4ielik k\u00fctusefiltri komplekt, mis on m\u00f5eldud k\u00fctuse puhtuse s\u00e4ilitamiseks, tagades mootori optimaalse j\u00f5udluse raskeveokites nagu Atlas 1604 ekskavaator.<\/p>\n","protected":false},"excerpt":{"rendered":"<p>Hind ilma k\u00e4ibemaksuta<\/p>\n<p>Tootja: HIFI<br \/>Mudel: AT16040035<br \/>Helista: <a href=\"tel:+37060842988\">+37060842988<\/a><br \/>E-post: <a href=\"mailto:usedparts@kasima3.bcapps.lt\">usedparts@kasima3.bcapps.lt <\/a><\/p>\n","protected":false},"featured_media":32427,"template":"","meta":{"_et_pb_use_builder":"","_et_pb_old_content":"","_et_gb_content_width":""},"product_brand":[],"product_cat":[485,319,431],"product_tag":[],"class_list":{"0":"post-32446","1":"product","2":"type-product","3":"status-publish","4":"has-post-thumbnail","6":"product_cat-atlase-osad","7":"product_cat-kasutatud-varuosade","8":"product_cat-ehitusmasinad-varuosade","10":"first","11":"instock","12":"taxable","13":"shipping-taxable","14":"purchasable","15":"product-type-simple"},"_links":{"self":[{"href":"https:\/\/kasima3.bcapps.lt\/et\/wp-json\/wp\/v2\/product\/32446","targetHints":{"allow":["GET"]}}],"collection":[{"href":"https:\/\/kasima3.bcapps.lt\/et\/wp-json\/wp\/v2\/product"}],"about":[{"href":"https:\/\/kasima3.bcapps.lt\/et\/wp-json\/wp\/v2\/types\/product"}],"wp:featuredmedia":[{"embeddable":true,"href":"https:\/\/kasima3.bcapps.lt\/et\/wp-json\/wp\/v2\/media\/32427"}],"wp:attachment":[{"href":"https:\/\/kasima3.bcapps.lt\/et\/wp-json\/wp\/v2\/media?parent=32446"}],"wp:term":[{"taxonomy":"product_brand","embeddable":true,"href":"https:\/\/kasima3.bcapps.lt\/et\/wp-json\/wp\/v2\/product_brand?post=32446"},{"taxonomy":"product_cat","embeddable":true,"href":"https:\/\/kasima3.bcapps.lt\/et\/wp-json\/wp\/v2\/product_cat?post=32446"},{"taxonomy":"product_tag","embeddable":true,"href":"https:\/\/kasima3.bcapps.lt\/et\/wp-json\/wp\/v2\/product_tag?post=32446"}],"curies":[{"name":"wp","href":"https:\/\/api.w.org\/{rel}","templated":true}]}}