{"id":32508,"date":"2024-12-09T13:33:11","date_gmt":"2024-12-09T13:33:11","guid":{"rendered":"https:\/\/kasima.lt\/produktas\/barksdale-slegio-jungiklis\/"},"modified":"2025-10-29T08:33:20","modified_gmt":"2025-10-29T08:33:20","slug":"barksdale-slegio-jungiklis","status":"publish","type":"product","link":"https:\/\/kasima3.bcapps.lt\/et\/produktas\/barksdale-slegio-jungiklis\/","title":{"rendered":"Barksdale&#8217;i r\u00f5hul\u00fcliti"},"content":{"rendered":"<p>Kasutatud Barksdale r\u00f5hul\u00fcliti<br \/>Mudeli t\u00fc\u00fcp: Barksdale&#8217;i Barksdale&#8217;i mudel: X1T-4102-06-15i<br \/>Osa number: 0409-088<br \/>Seerianumber (S\/N): 405854\/003<br \/>See on kvaliteetne Barksdale&#8217;i r\u00f5hul\u00fcliti, mis on m\u00f5eldud t\u00e4pseks kontrolliks t\u00f6\u00f6stus- ja rasketehnika rakendustes. See on kasutatud, kuid on kontrollitud ja kinnitatud t\u00f6\u00f6korras, ilma n\u00e4htavate defektide v\u00f5i kahjustusteta.<br \/>Reguleerib r\u00f5hku h\u00fcdraulilistes ja pneumaatilistes s\u00fcsteemides.<br \/>Ehitatud karmi keskkonna jaoks, sobib ehitus-, kaevandus- ja muudele rasketehnikatele.    <\/p>\n","protected":false},"excerpt":{"rendered":"<p>Hind ilma k\u00e4ibemaksuta<\/p>\n<p>Tootja: BARKSDALE<br \/>Mudel: KND0078<br \/>Helista: <a href=\"tel:+37060842988\">+37060842988<\/a><br \/>E-post: <a href=\"mailto:usedparts@kasima3.bcapps.lt\">usedparts@kasima3.bcapps.lt <\/a><\/p>\n","protected":false},"featured_media":32494,"template":"","meta":{"_et_pb_use_builder":"","_et_pb_old_content":"","_et_gb_content_width":""},"product_brand":[],"product_cat":[397,491,319,431],"product_tag":[],"class_list":{"0":"post-32508","1":"product","2":"type-product","3":"status-publish","4":"has-post-thumbnail","6":"product_cat-volvo-varuosade","7":"product_cat-elektroonika-osad","8":"product_cat-kasutatud-varuosade","9":"product_cat-ehitusmasinad-varuosade","11":"first","12":"instock","13":"taxable","14":"shipping-taxable","15":"purchasable","16":"product-type-simple"},"_links":{"self":[{"href":"https:\/\/kasima3.bcapps.lt\/et\/wp-json\/wp\/v2\/product\/32508","targetHints":{"allow":["GET"]}}],"collection":[{"href":"https:\/\/kasima3.bcapps.lt\/et\/wp-json\/wp\/v2\/product"}],"about":[{"href":"https:\/\/kasima3.bcapps.lt\/et\/wp-json\/wp\/v2\/types\/product"}],"wp:featuredmedia":[{"embeddable":true,"href":"https:\/\/kasima3.bcapps.lt\/et\/wp-json\/wp\/v2\/media\/32494"}],"wp:attachment":[{"href":"https:\/\/kasima3.bcapps.lt\/et\/wp-json\/wp\/v2\/media?parent=32508"}],"wp:term":[{"taxonomy":"product_brand","embeddable":true,"href":"https:\/\/kasima3.bcapps.lt\/et\/wp-json\/wp\/v2\/product_brand?post=32508"},{"taxonomy":"product_cat","embeddable":true,"href":"https:\/\/kasima3.bcapps.lt\/et\/wp-json\/wp\/v2\/product_cat?post=32508"},{"taxonomy":"product_tag","embeddable":true,"href":"https:\/\/kasima3.bcapps.lt\/et\/wp-json\/wp\/v2\/product_tag?post=32508"}],"curies":[{"name":"wp","href":"https:\/\/api.w.org\/{rel}","templated":true}]}}