{"id":32689,"date":"2024-12-10T12:28:42","date_gmt":"2024-12-10T12:28:42","guid":{"rendered":"https:\/\/kasima.lt\/produktas\/john-deere-vairas\/"},"modified":"2025-10-29T08:33:20","modified_gmt":"2025-10-29T08:33:20","slug":"john-deere-vairas","status":"publish","type":"product","link":"https:\/\/kasima3.bcapps.lt\/et\/produktas\/john-deere-vairas\/","title":{"rendered":"Rooliratas John Deere&#8217;ile"},"content":{"rendered":"<p>Algne kasutatud 2000. aasta John Deere 6910S rooliratas.<br \/>M\u00f5eldud t\u00e4pseks k\u00e4sitsemiseks ja vastupidavuseks p\u00f5llumajanduslikes rakendustes.<br \/>Struktuuriliselt terve, minimaalsete kulumism\u00e4rkidega regulaarsest kasutamisest.<br \/>Rooliratta osad:<br \/>L113022<br \/>R117246<br \/>AL118173    <\/p>\n","protected":false},"excerpt":{"rendered":"<p>Hind ilma k\u00e4ibemaksuta<\/p>\n<p>Tootja: JOHN DEERE<br \/>Mudel: JD6910S0080<br \/>Helista: <a href=\"tel:+37060842988\">+37060842988<\/a><br \/>E-post: <a href=\"mailto:usedparts@kasima3.bcapps.lt\">usedparts@kasima3.bcapps.lt <\/a><\/p>\n","protected":false},"featured_media":32680,"template":"","meta":{"_et_pb_use_builder":"","_et_pb_old_content":"","_et_gb_content_width":""},"product_brand":[],"product_cat":[427,319,433],"product_tag":[],"class_list":{"0":"post-32689","1":"product","2":"type-product","3":"status-publish","4":"has-post-thumbnail","6":"product_cat-john-deere-varuosade","7":"product_cat-kasutatud-varuosade","8":"product_cat-pollumajandus-varuosade","10":"first","11":"instock","12":"taxable","13":"shipping-taxable","14":"purchasable","15":"product-type-simple"},"_links":{"self":[{"href":"https:\/\/kasima3.bcapps.lt\/et\/wp-json\/wp\/v2\/product\/32689","targetHints":{"allow":["GET"]}}],"collection":[{"href":"https:\/\/kasima3.bcapps.lt\/et\/wp-json\/wp\/v2\/product"}],"about":[{"href":"https:\/\/kasima3.bcapps.lt\/et\/wp-json\/wp\/v2\/types\/product"}],"wp:featuredmedia":[{"embeddable":true,"href":"https:\/\/kasima3.bcapps.lt\/et\/wp-json\/wp\/v2\/media\/32680"}],"wp:attachment":[{"href":"https:\/\/kasima3.bcapps.lt\/et\/wp-json\/wp\/v2\/media?parent=32689"}],"wp:term":[{"taxonomy":"product_brand","embeddable":true,"href":"https:\/\/kasima3.bcapps.lt\/et\/wp-json\/wp\/v2\/product_brand?post=32689"},{"taxonomy":"product_cat","embeddable":true,"href":"https:\/\/kasima3.bcapps.lt\/et\/wp-json\/wp\/v2\/product_cat?post=32689"},{"taxonomy":"product_tag","embeddable":true,"href":"https:\/\/kasima3.bcapps.lt\/et\/wp-json\/wp\/v2\/product_tag?post=32689"}],"curies":[{"name":"wp","href":"https:\/\/api.w.org\/{rel}","templated":true}]}}