{"id":32739,"date":"2024-12-12T06:25:40","date_gmt":"2024-12-12T06:25:40","guid":{"rendered":"https:\/\/kasima.lt\/produktas\/jungciu-blokas-x-140-su-eprom-v6\/"},"modified":"2025-10-29T08:33:20","modified_gmt":"2025-10-29T08:33:20","slug":"jungciu-blokas-x-140-su-eprom-v6","status":"publish","type":"product","link":"https:\/\/kasima3.bcapps.lt\/et\/produktas\/jungciu-blokas-x-140-su-eprom-v6\/","title":{"rendered":"\u00dchendusplokk X 140 koos EPROM V6-ga"},"content":{"rendered":"<p>M\u00fc\u00fca t\u00e4ielikult toimiv Flat Connector Block X 140 koos EPROM V6-ga, mis on eemaldatud Atlas 1604 ekskavaatorist (2003. aasta mudel). See komponent on oluline \u00f5li mahu ja \u00f5lir\u00f5hu reguleerimiseks.<br \/>1-58 viigukonfiguratsioon.<br \/>S1 ja S2 nupud \u00f5li mahu, \u00f5lir\u00f5hu ja k\u00e4ivituskalduvuse reguleerimiseks.<br \/>EPROM V6: sisaldab programmi \u00f5li t\u00e4pseks reguleerimiseks.<br \/>LED-indikaatorid: Annab oleku n\u00e4idiku lihtsaks j\u00e4lgimiseks.<br \/>See seade on suurep\u00e4rases seisukorras ja sobib ideaalselt sarnaste Atlase mudelite hooldamiseks v\u00f5i uuendamiseks. See pakub t\u00e4pset h\u00fcdraulikas\u00fcsteemi juhtimist ja sujuvat integreerimist teie ekskavaatori s\u00fcsteemi.<br \/>M\u00f5eldud Atlase ekskavaatorite jaoks, eriti \u00fchildub 1604-seeria ekskavaatoritega. V\u00f5ib sobida ka teistele Atlase mudelitele, kuid \u00fchilduvust tuleks kontrollida teie seadme spetsifikatsioonidega.         <\/p>\n","protected":false},"excerpt":{"rendered":"<p>Hind ilma k\u00e4ibemaksuta<\/p>\n<p>Tootja:ATLAS<br \/>Mudel: AT16040036<br \/>Helista: <a href=\"tel:+37060842988\">+37060842988<\/a><br \/>E-post: <a href=\"mailto:usedparts@kasima3.bcapps.lt\">usedparts@kasima3.bcapps.lt <\/a><\/p>\n","protected":false},"featured_media":32720,"template":"","meta":{"_et_pb_use_builder":"","_et_pb_old_content":"","_et_gb_content_width":""},"product_brand":[],"product_cat":[485,491,319,431],"product_tag":[],"class_list":{"0":"post-32739","1":"product","2":"type-product","3":"status-publish","4":"has-post-thumbnail","6":"product_cat-atlase-osad","7":"product_cat-elektroonika-osad","8":"product_cat-kasutatud-varuosade","9":"product_cat-ehitusmasinad-varuosade","11":"first","12":"instock","13":"taxable","14":"shipping-taxable","15":"product-type-simple"},"_links":{"self":[{"href":"https:\/\/kasima3.bcapps.lt\/et\/wp-json\/wp\/v2\/product\/32739","targetHints":{"allow":["GET"]}}],"collection":[{"href":"https:\/\/kasima3.bcapps.lt\/et\/wp-json\/wp\/v2\/product"}],"about":[{"href":"https:\/\/kasima3.bcapps.lt\/et\/wp-json\/wp\/v2\/types\/product"}],"wp:featuredmedia":[{"embeddable":true,"href":"https:\/\/kasima3.bcapps.lt\/et\/wp-json\/wp\/v2\/media\/32720"}],"wp:attachment":[{"href":"https:\/\/kasima3.bcapps.lt\/et\/wp-json\/wp\/v2\/media?parent=32739"}],"wp:term":[{"taxonomy":"product_brand","embeddable":true,"href":"https:\/\/kasima3.bcapps.lt\/et\/wp-json\/wp\/v2\/product_brand?post=32739"},{"taxonomy":"product_cat","embeddable":true,"href":"https:\/\/kasima3.bcapps.lt\/et\/wp-json\/wp\/v2\/product_cat?post=32739"},{"taxonomy":"product_tag","embeddable":true,"href":"https:\/\/kasima3.bcapps.lt\/et\/wp-json\/wp\/v2\/product_tag?post=32739"}],"curies":[{"name":"wp","href":"https:\/\/api.w.org\/{rel}","templated":true}]}}