{"id":33096,"date":"2024-12-13T06:51:20","date_gmt":"2024-12-13T06:51:20","guid":{"rendered":"https:\/\/kasima.lt\/produktas\/pagrindinis-hidraulinis-skirstytuvas-linde\/"},"modified":"2025-10-29T08:33:21","modified_gmt":"2025-10-29T08:33:21","slug":"pagrindinis-hidraulinis-skirstytuvas-linde","status":"publish","type":"product","link":"https:\/\/kasima3.bcapps.lt\/et\/produktas\/pagrindinis-hidraulinis-skirstytuvas-linde\/","title":{"rendered":"Linde h\u00fcdrauliline jaotur"},"content":{"rendered":"<p>Kasutatud peamine h\u00fcdrauliline jaotur Linde Atlas 1604 ekskavaatorile <br \/>Aasta: 2003<br \/>H\u00fcdrauliline peajaotur on oluline komponent, mis vastutab h\u00fcdraulilise vedeliku jaotamise eest ekskavaatori eri s\u00fcsteemidesse. See h\u00f5lmab ka poomi, k\u00e4e, koppide ja muude h\u00fcdrauliliste abifunktsioonide toitmist.<br \/>Tagab h\u00fcdraulikas\u00fcsteemis j\u00e4rjepideva voolu ja r\u00f5hu reguleerimise.<br \/>Toetab k\u00f5igi h\u00fcdrauliliste seadmete sujuvat ja t\u00f5husat t\u00f6\u00f6d.<br \/>Kontrollib p\u00f5hjalikult pragude, lekete v\u00f5i mis tahes konstruktsioonikahjustuste olemasolu.<br \/>\u00dclemaailmne tarne     <\/p>\n","protected":false},"excerpt":{"rendered":"<p>Hind ilma k\u00e4ibemaksuta<\/p>\n<p>Tootja: LINDE<br \/>Mudel: AT16040037<br \/>Helista: <a href=\"tel:+37060842988\">+37060842988<\/a><br \/>E-post: <a href=\"mailto:usedparts@kasima3.bcapps.lt\">usedparts@kasima3.bcapps.lt <\/a><\/p>\n","protected":false},"featured_media":33052,"template":"","meta":{"_et_pb_use_builder":"","_et_pb_old_content":"","_et_gb_content_width":""},"product_brand":[],"product_cat":[485,319,431],"product_tag":[],"class_list":{"0":"post-33096","1":"product","2":"type-product","3":"status-publish","4":"has-post-thumbnail","6":"product_cat-atlase-osad","7":"product_cat-kasutatud-varuosade","8":"product_cat-ehitusmasinad-varuosade","10":"first","11":"instock","12":"taxable","13":"shipping-taxable","14":"purchasable","15":"product-type-simple"},"_links":{"self":[{"href":"https:\/\/kasima3.bcapps.lt\/et\/wp-json\/wp\/v2\/product\/33096","targetHints":{"allow":["GET"]}}],"collection":[{"href":"https:\/\/kasima3.bcapps.lt\/et\/wp-json\/wp\/v2\/product"}],"about":[{"href":"https:\/\/kasima3.bcapps.lt\/et\/wp-json\/wp\/v2\/types\/product"}],"wp:featuredmedia":[{"embeddable":true,"href":"https:\/\/kasima3.bcapps.lt\/et\/wp-json\/wp\/v2\/media\/33052"}],"wp:attachment":[{"href":"https:\/\/kasima3.bcapps.lt\/et\/wp-json\/wp\/v2\/media?parent=33096"}],"wp:term":[{"taxonomy":"product_brand","embeddable":true,"href":"https:\/\/kasima3.bcapps.lt\/et\/wp-json\/wp\/v2\/product_brand?post=33096"},{"taxonomy":"product_cat","embeddable":true,"href":"https:\/\/kasima3.bcapps.lt\/et\/wp-json\/wp\/v2\/product_cat?post=33096"},{"taxonomy":"product_tag","embeddable":true,"href":"https:\/\/kasima3.bcapps.lt\/et\/wp-json\/wp\/v2\/product_tag?post=33096"}],"curies":[{"name":"wp","href":"https:\/\/api.w.org\/{rel}","templated":true}]}}