{"id":33183,"date":"2024-12-16T13:01:24","date_gmt":"2024-12-16T13:01:24","guid":{"rendered":"https:\/\/kasima.lt\/produktas\/bosch-rexroth-pavaros-siurblys\/"},"modified":"2025-10-29T08:33:21","modified_gmt":"2025-10-29T08:33:21","slug":"bosch-rexroth-pavaros-siurblys","status":"publish","type":"product","link":"https:\/\/kasima3.bcapps.lt\/et\/produktas\/bosch-rexroth-pavaros-siurblys\/","title":{"rendered":"Bosch Rexrothi hammasrattapump"},"content":{"rendered":"<p>Kasutatud Bosch Rexrothi hammasrattapump Atlas 1604 jaoks <br \/>Osanumbrid:<br \/>1517222377<br \/>0517565001<br \/>1517223006<br \/>Bosch Rexroth, juhtiv k\u00f5rgekvaliteediliste h\u00fcdraulikakomponentide tarnija rasketehnika jaoks.<br \/>Sellised hammasrattapumbad on h\u00fcdraulikas\u00fcsteemide lahutamatu osa, tekitades vajaliku voolu ja r\u00f5hu, mis on vajalik ehitusseadmete erinevate funktsioonide, sealhulgas t\u00f5stmise, kaevamise ja man\u00f6\u00f6verdamise toimimiseks.<br \/>Sobib kasutamiseks Atlas 1604 ekskavaatorites ja v\u00f5ib \u00fchilduda ka teiste mudelite v\u00f5i masinatega, s\u00f5ltuvalt h\u00fcdraulikas\u00fcsteemi spetsifikatsioonidest.<br \/>M\u00f5eldud taluma ehituskeskkonna rangeid n\u00f5udmisi, tagades usaldusv\u00e4\u00e4rse toimimise ja pika kasutusaja.    <\/p>\n","protected":false},"excerpt":{"rendered":"<p>Hind ilma k\u00e4ibemaksuta<\/p>\n<p>Tootja: BOSCH REXROTH<br \/>Mudel: AT16040038<br \/>Helista: <a href=\"tel:+37060842988\">+37060842988<\/a><br \/>E-post: <a href=\"mailto:usedparts@kasima3.bcapps.lt\">usedparts@kasima3.bcapps.lt <\/a><\/p>\n","protected":false},"featured_media":33149,"template":"","meta":{"_et_pb_use_builder":"","_et_pb_old_content":"","_et_gb_content_width":""},"product_brand":[],"product_cat":[485,319,431],"product_tag":[],"class_list":{"0":"post-33183","1":"product","2":"type-product","3":"status-publish","4":"has-post-thumbnail","6":"product_cat-atlase-osad","7":"product_cat-kasutatud-varuosade","8":"product_cat-ehitusmasinad-varuosade","10":"first","11":"instock","12":"taxable","13":"shipping-taxable","14":"purchasable","15":"product-type-simple"},"_links":{"self":[{"href":"https:\/\/kasima3.bcapps.lt\/et\/wp-json\/wp\/v2\/product\/33183","targetHints":{"allow":["GET"]}}],"collection":[{"href":"https:\/\/kasima3.bcapps.lt\/et\/wp-json\/wp\/v2\/product"}],"about":[{"href":"https:\/\/kasima3.bcapps.lt\/et\/wp-json\/wp\/v2\/types\/product"}],"wp:featuredmedia":[{"embeddable":true,"href":"https:\/\/kasima3.bcapps.lt\/et\/wp-json\/wp\/v2\/media\/33149"}],"wp:attachment":[{"href":"https:\/\/kasima3.bcapps.lt\/et\/wp-json\/wp\/v2\/media?parent=33183"}],"wp:term":[{"taxonomy":"product_brand","embeddable":true,"href":"https:\/\/kasima3.bcapps.lt\/et\/wp-json\/wp\/v2\/product_brand?post=33183"},{"taxonomy":"product_cat","embeddable":true,"href":"https:\/\/kasima3.bcapps.lt\/et\/wp-json\/wp\/v2\/product_cat?post=33183"},{"taxonomy":"product_tag","embeddable":true,"href":"https:\/\/kasima3.bcapps.lt\/et\/wp-json\/wp\/v2\/product_tag?post=33183"}],"curies":[{"name":"wp","href":"https:\/\/api.w.org\/{rel}","templated":true}]}}