{"id":33244,"date":"2024-12-16T14:13:05","date_gmt":"2024-12-16T14:13:05","guid":{"rendered":"https:\/\/kasima.lt\/produktas\/gazo-pedalas-su-integruotu-voztuvu\/"},"modified":"2025-10-29T08:33:22","modified_gmt":"2025-10-29T08:33:22","slug":"gazo-pedalas-su-integruotu-voztuvu","status":"publish","type":"product","link":"https:\/\/kasima3.bcapps.lt\/et\/produktas\/gazo-pedalas-su-integruotu-voztuvu\/","title":{"rendered":"Integreeritud ventiiliga gaasipedaal"},"content":{"rendered":"<p>Kasutatud gaasipedaal koos ventiiliga Atlas ekskavaatorist<br \/>Kasutatud, t\u00e4iesti t\u00f6\u00f6korras, v\u00e4hese kulumisega<br \/>Osa numbrid:<br \/>5620306<br \/>072B2321<br \/>081007093710<br \/>Gaasipedaal on ekskavaatori oluline juhtimiskomponent, mis on otseselt \u00fchendatud gaasipedaaliga ja vastutab mootori v\u00f5imsuse reguleerimise eest. Sisseehitatud klapp tagab sujuvat t\u00f6\u00f6d ja gaasipedaaliga seotud h\u00fcdraulika t\u00e4pse juhtimise.<br \/>Konstrueeritud spetsiaalselt Atlas ekskavaatorite jaoks, kuid v\u00f5ib sobida sarnaste h\u00fcdraulikas\u00fcsteemiga rasketehnika mudelitega.  <\/p>\n","protected":false},"excerpt":{"rendered":"<p>Hind ilma k\u00e4ibemaksuta<\/p>\n<p>Tootja: ATLAS<br \/>Mudel: AT16040040<br \/>Helista: <a href=\"tel:+37060842988\">+37060842988<\/a><br \/>E-post: <a href=\"mailto:usedparts@kasima3.bcapps.lt\">usedparts@kasima3.bcapps.lt <\/a><\/p>\n","protected":false},"featured_media":33225,"template":"","meta":{"_et_pb_use_builder":"","_et_pb_old_content":"","_et_gb_content_width":""},"product_brand":[],"product_cat":[485,319,431],"product_tag":[],"class_list":{"0":"post-33244","1":"product","2":"type-product","3":"status-publish","4":"has-post-thumbnail","6":"product_cat-atlase-osad","7":"product_cat-kasutatud-varuosade","8":"product_cat-ehitusmasinad-varuosade","10":"first","11":"instock","12":"taxable","13":"shipping-taxable","14":"purchasable","15":"product-type-simple"},"_links":{"self":[{"href":"https:\/\/kasima3.bcapps.lt\/et\/wp-json\/wp\/v2\/product\/33244","targetHints":{"allow":["GET"]}}],"collection":[{"href":"https:\/\/kasima3.bcapps.lt\/et\/wp-json\/wp\/v2\/product"}],"about":[{"href":"https:\/\/kasima3.bcapps.lt\/et\/wp-json\/wp\/v2\/types\/product"}],"wp:featuredmedia":[{"embeddable":true,"href":"https:\/\/kasima3.bcapps.lt\/et\/wp-json\/wp\/v2\/media\/33225"}],"wp:attachment":[{"href":"https:\/\/kasima3.bcapps.lt\/et\/wp-json\/wp\/v2\/media?parent=33244"}],"wp:term":[{"taxonomy":"product_brand","embeddable":true,"href":"https:\/\/kasima3.bcapps.lt\/et\/wp-json\/wp\/v2\/product_brand?post=33244"},{"taxonomy":"product_cat","embeddable":true,"href":"https:\/\/kasima3.bcapps.lt\/et\/wp-json\/wp\/v2\/product_cat?post=33244"},{"taxonomy":"product_tag","embeddable":true,"href":"https:\/\/kasima3.bcapps.lt\/et\/wp-json\/wp\/v2\/product_tag?post=33244"}],"curies":[{"name":"wp","href":"https:\/\/api.w.org\/{rel}","templated":true}]}}