{"id":33269,"date":"2024-12-16T14:48:15","date_gmt":"2024-12-16T14:48:15","guid":{"rendered":"https:\/\/kasima.lt\/produktas\/servo-voztuvo-blokas-su-pedalu\/"},"modified":"2025-10-29T08:33:22","modified_gmt":"2025-10-29T08:33:22","slug":"servo-voztuvo-blokas-su-pedalu","status":"publish","type":"product","link":"https:\/\/kasima3.bcapps.lt\/et\/produktas\/servo-voztuvo-blokas-su-pedalu\/","title":{"rendered":"Servoventiili \u00fcksus koos kangiga"},"content":{"rendered":"<p>Kasutatud servoventiili \u00fcksus koos hoovaga Atlas ekskavaatorile<br \/>Osa number: 5616708<br \/>Viitenumber: 07282318<br \/>Seerianumber: C30331144332<br \/>Kasutatud, t\u00e4iesti t\u00f6\u00f6korras<br \/>Servoklapi\u00fcksus koos hoovaga m\u00e4ngib kriitilist rolli h\u00fcdraulilise voolu ja r\u00f5hu reguleerimisel Atlas ekskavaatorites. See seade tagab masina k\u00e4te, poomide ja lisaseadmete t\u00e4pse liikumise.<br \/>Valmistatud spetsiaalselt Atlase masinate jaoks ja \u00fchildub erinevate ekskavaatorite mudelitega.<br \/>Saab hakkama n\u00f5udlikes tingimustes ehitus- ja kaevet\u00f6\u00f6del.<br \/>M\u00f5eldud Atlase masinate jaoks, tagades OEM-kvaliteediga sobivuse ja j\u00f5udluse.    <\/p>\n","protected":false},"excerpt":{"rendered":"<p>Hind ilma k\u00e4ibemaksuta<\/p>\n<p>Tootja: ATLAS<br \/>Mudel: AT16040041<br \/>Helista: <a href=\"tel:+37060842988\">+37060842988<\/a><br \/>E-post: <a href=\"mailto:usedparts@kasima3.bcapps.lt\">usedparts@kasima3.bcapps.lt <\/a><\/p>\n","protected":false},"featured_media":33260,"template":"","meta":{"_et_pb_use_builder":"","_et_pb_old_content":"","_et_gb_content_width":""},"product_brand":[],"product_cat":[485,319,431],"product_tag":[],"class_list":{"0":"post-33269","1":"product","2":"type-product","3":"status-publish","4":"has-post-thumbnail","6":"product_cat-atlase-osad","7":"product_cat-kasutatud-varuosade","8":"product_cat-ehitusmasinad-varuosade","10":"first","11":"instock","12":"taxable","13":"shipping-taxable","14":"purchasable","15":"product-type-simple"},"_links":{"self":[{"href":"https:\/\/kasima3.bcapps.lt\/et\/wp-json\/wp\/v2\/product\/33269","targetHints":{"allow":["GET"]}}],"collection":[{"href":"https:\/\/kasima3.bcapps.lt\/et\/wp-json\/wp\/v2\/product"}],"about":[{"href":"https:\/\/kasima3.bcapps.lt\/et\/wp-json\/wp\/v2\/types\/product"}],"wp:featuredmedia":[{"embeddable":true,"href":"https:\/\/kasima3.bcapps.lt\/et\/wp-json\/wp\/v2\/media\/33260"}],"wp:attachment":[{"href":"https:\/\/kasima3.bcapps.lt\/et\/wp-json\/wp\/v2\/media?parent=33269"}],"wp:term":[{"taxonomy":"product_brand","embeddable":true,"href":"https:\/\/kasima3.bcapps.lt\/et\/wp-json\/wp\/v2\/product_brand?post=33269"},{"taxonomy":"product_cat","embeddable":true,"href":"https:\/\/kasima3.bcapps.lt\/et\/wp-json\/wp\/v2\/product_cat?post=33269"},{"taxonomy":"product_tag","embeddable":true,"href":"https:\/\/kasima3.bcapps.lt\/et\/wp-json\/wp\/v2\/product_tag?post=33269"}],"curies":[{"name":"wp","href":"https:\/\/api.w.org\/{rel}","templated":true}]}}