{"id":33294,"date":"2024-12-17T07:27:05","date_gmt":"2024-12-17T07:27:05","guid":{"rendered":"https:\/\/kasima.lt\/produktas\/pagalbinis-buldozerio-valdymo-blokas\/"},"modified":"2025-10-29T08:33:22","modified_gmt":"2025-10-29T08:33:22","slug":"pagalbinis-buldozerio-valdymo-blokas","status":"publish","type":"product","link":"https:\/\/kasima3.bcapps.lt\/et\/produktas\/pagalbinis-buldozerio-valdymo-blokas\/","title":{"rendered":"Pilootjuhtimisseade buldooseri jaoks"},"content":{"rendered":"<p>Kasutatud originaal Atlas pilootjuhtimis\u00fcksus esiotsa jaoks<br \/>Viitenumber: 07282317<br \/>Osa number: 5620679<br \/>Seerianumber: 0303171500<br \/>Kasutatud, testitud ja t\u00e4ielikult t\u00f6\u00f6korras<br \/>Atlase pilootjuhtimisseade on m\u00f5eldud raskete masinate, n\u00e4iteks ekskavaatorite v\u00f5i laadurite esitera juhtimiseks. See kontrollib t\u00e4pselt h\u00fcdraulikavoolu, v\u00f5imaldades sujuvat ja t\u00e4pset tera liikumist. <\/p>\n","protected":false},"excerpt":{"rendered":"<p>Hind ilma k\u00e4ibemaksuta<\/p>\n<p>Tootja: ATLAS<br \/>Mudel: AT16040042<br \/>Helista: <a href=\"tel:+37060842988\">+37060842988<\/a><br \/>E-post: <a href=\"mailto:usedparts@kasima3.bcapps.lt\">usedparts@kasima3.bcapps.lt <\/a><\/p>\n","protected":false},"featured_media":33275,"template":"","meta":{"_et_pb_use_builder":"","_et_pb_old_content":"","_et_gb_content_width":""},"product_brand":[],"product_cat":[485,319,431],"product_tag":[],"class_list":{"0":"post-33294","1":"product","2":"type-product","3":"status-publish","4":"has-post-thumbnail","6":"product_cat-atlase-osad","7":"product_cat-kasutatud-varuosade","8":"product_cat-ehitusmasinad-varuosade","10":"first","11":"instock","12":"taxable","13":"shipping-taxable","14":"purchasable","15":"product-type-simple"},"_links":{"self":[{"href":"https:\/\/kasima3.bcapps.lt\/et\/wp-json\/wp\/v2\/product\/33294","targetHints":{"allow":["GET"]}}],"collection":[{"href":"https:\/\/kasima3.bcapps.lt\/et\/wp-json\/wp\/v2\/product"}],"about":[{"href":"https:\/\/kasima3.bcapps.lt\/et\/wp-json\/wp\/v2\/types\/product"}],"wp:featuredmedia":[{"embeddable":true,"href":"https:\/\/kasima3.bcapps.lt\/et\/wp-json\/wp\/v2\/media\/33275"}],"wp:attachment":[{"href":"https:\/\/kasima3.bcapps.lt\/et\/wp-json\/wp\/v2\/media?parent=33294"}],"wp:term":[{"taxonomy":"product_brand","embeddable":true,"href":"https:\/\/kasima3.bcapps.lt\/et\/wp-json\/wp\/v2\/product_brand?post=33294"},{"taxonomy":"product_cat","embeddable":true,"href":"https:\/\/kasima3.bcapps.lt\/et\/wp-json\/wp\/v2\/product_cat?post=33294"},{"taxonomy":"product_tag","embeddable":true,"href":"https:\/\/kasima3.bcapps.lt\/et\/wp-json\/wp\/v2\/product_tag?post=33294"}],"curies":[{"name":"wp","href":"https:\/\/api.w.org\/{rel}","templated":true}]}}