{"id":33349,"date":"2024-12-17T08:55:30","date_gmt":"2024-12-17T08:55:30","guid":{"rendered":"https:\/\/kasima.lt\/produktas\/stabdziu-pedalas-su-rexroth-hidrauliniu-voztuvu\/"},"modified":"2025-10-29T08:33:23","modified_gmt":"2025-10-29T08:33:23","slug":"stabdziu-pedalas-su-rexroth-hidrauliniu-voztuvu","status":"publish","type":"product","link":"https:\/\/kasima3.bcapps.lt\/et\/produktas\/stabdziu-pedalas-su-rexroth-hidrauliniu-voztuvu\/","title":{"rendered":"Piduripedaal koos Rexrothi h\u00fcdraulilise ventiiliga"},"content":{"rendered":"<p>Kasutatud Atlas piduripedaal Rexrothi ventiiliga<br \/>Ventiili mudel: LT05MKA-10\/025J\/02M22<br \/>MNR (materjalinumber): R900925528<br \/>Masina t\u00fc\u00fcp: Atlas ekskavaator (v\u00f5i sarnane rasketehnika)<br \/>Seisund: Koolitus: Kasutatud, t\u00e4iesti t\u00f6\u00f6korras, v\u00e4hese kulumisega.<br \/>See Atlase piduripedaal on varustatud Rexrothi h\u00fcdraulilise ventiiliga (LT05MKA-10\/025J\/02M22), mis on m\u00f5eldud raskete masinate, n\u00e4iteks ekskavaatorite t\u00e4pse ja usaldusv\u00e4\u00e4rse pidurdusjuhtimise tagamiseks. Integreeritud Rexrothi klapp v\u00f5imaldab sujuvat t\u00f6\u00f6d h\u00fcdraulikas\u00fcsteemides, tagades \u00fchtlase ja tundliku pidurdust\u00f5hususe.<\/p>\n","protected":false},"excerpt":{"rendered":"<p>Hind ilma k\u00e4ibemaksuta<\/p>\n<p>Tootja: ATLAS<br \/>Mudel: AT16040044<br \/>Helista: <a href=\"tel:+37060842988\">+37060842988<\/a><br \/>E-post: <a href=\"mailto:usedparts@kasima3.bcapps.lt\">usedparts@kasima3.bcapps.lt <\/a><\/p>\n","protected":false},"featured_media":33330,"template":"","meta":{"_et_pb_use_builder":"","_et_pb_old_content":"","_et_gb_content_width":""},"product_brand":[],"product_cat":[485,319,431],"product_tag":[],"class_list":{"0":"post-33349","1":"product","2":"type-product","3":"status-publish","4":"has-post-thumbnail","6":"product_cat-atlase-osad","7":"product_cat-kasutatud-varuosade","8":"product_cat-ehitusmasinad-varuosade","10":"first","11":"instock","12":"taxable","13":"shipping-taxable","14":"purchasable","15":"product-type-simple"},"_links":{"self":[{"href":"https:\/\/kasima3.bcapps.lt\/et\/wp-json\/wp\/v2\/product\/33349","targetHints":{"allow":["GET"]}}],"collection":[{"href":"https:\/\/kasima3.bcapps.lt\/et\/wp-json\/wp\/v2\/product"}],"about":[{"href":"https:\/\/kasima3.bcapps.lt\/et\/wp-json\/wp\/v2\/types\/product"}],"wp:featuredmedia":[{"embeddable":true,"href":"https:\/\/kasima3.bcapps.lt\/et\/wp-json\/wp\/v2\/media\/33330"}],"wp:attachment":[{"href":"https:\/\/kasima3.bcapps.lt\/et\/wp-json\/wp\/v2\/media?parent=33349"}],"wp:term":[{"taxonomy":"product_brand","embeddable":true,"href":"https:\/\/kasima3.bcapps.lt\/et\/wp-json\/wp\/v2\/product_brand?post=33349"},{"taxonomy":"product_cat","embeddable":true,"href":"https:\/\/kasima3.bcapps.lt\/et\/wp-json\/wp\/v2\/product_cat?post=33349"},{"taxonomy":"product_tag","embeddable":true,"href":"https:\/\/kasima3.bcapps.lt\/et\/wp-json\/wp\/v2\/product_tag?post=33349"}],"curies":[{"name":"wp","href":"https:\/\/api.w.org\/{rel}","templated":true}]}}