{"id":33893,"date":"2025-01-09T08:58:18","date_gmt":"2025-01-09T08:58:18","guid":{"rendered":"https:\/\/kasima.lt\/produktas\/bob-tach-sistema\/"},"modified":"2025-10-29T08:33:24","modified_gmt":"2025-10-29T08:33:24","slug":"bob-tach-sistema","status":"publish","type":"product","link":"https:\/\/kasima3.bcapps.lt\/et\/produktas\/bob-tach-sistema\/","title":{"rendered":"Bob-Tach s\u00fcsteem"},"content":{"rendered":"<p>V\u00e4he kasutatud Bob-Tach s\u00fcsteem, eemaldatud Bobcat T590-st, <br \/>2022 mudel. <br \/>See s\u00fcsteem on m\u00f5eldud lisaseadmete kiireks ja lihtsaks kinnitamiseks v\u00f5i eemaldamiseks, muutes teie laaduri mitmek\u00fclgsemaks ja t\u00f5husamaks. <\/p>\n","protected":false},"excerpt":{"rendered":"<p>Hind ilma k\u00e4ibemaksuta<\/p>\n<p>Tootja: BOBCAT<br \/>Mudel: T590BC0001<br \/>Helista: <a href=\"tel:+37060842988\">+37060842988<\/a><br \/>E-post: <a href=\"mailto:usedparts@kasima3.bcapps.lt\">usedparts@kasima3.bcapps.lt <\/a><\/p>\n","protected":false},"featured_media":33854,"template":"","meta":{"_et_pb_use_builder":"","_et_pb_old_content":"","_et_gb_content_width":""},"product_brand":[],"product_cat":[405,214,156,319,431],"product_tag":[],"class_list":{"0":"post-33893","1":"product","2":"type-product","3":"status-publish","4":"has-post-thumbnail","6":"product_cat-bobcati-osad","7":"product_cat-kasutatud","8":"product_cat-minilaadur","9":"product_cat-kasutatud-varuosade","10":"product_cat-ehitusmasinad-varuosade","12":"first","13":"instock","14":"taxable","15":"shipping-taxable","16":"purchasable","17":"product-type-simple"},"_links":{"self":[{"href":"https:\/\/kasima3.bcapps.lt\/et\/wp-json\/wp\/v2\/product\/33893","targetHints":{"allow":["GET"]}}],"collection":[{"href":"https:\/\/kasima3.bcapps.lt\/et\/wp-json\/wp\/v2\/product"}],"about":[{"href":"https:\/\/kasima3.bcapps.lt\/et\/wp-json\/wp\/v2\/types\/product"}],"wp:featuredmedia":[{"embeddable":true,"href":"https:\/\/kasima3.bcapps.lt\/et\/wp-json\/wp\/v2\/media\/33854"}],"wp:attachment":[{"href":"https:\/\/kasima3.bcapps.lt\/et\/wp-json\/wp\/v2\/media?parent=33893"}],"wp:term":[{"taxonomy":"product_brand","embeddable":true,"href":"https:\/\/kasima3.bcapps.lt\/et\/wp-json\/wp\/v2\/product_brand?post=33893"},{"taxonomy":"product_cat","embeddable":true,"href":"https:\/\/kasima3.bcapps.lt\/et\/wp-json\/wp\/v2\/product_cat?post=33893"},{"taxonomy":"product_tag","embeddable":true,"href":"https:\/\/kasima3.bcapps.lt\/et\/wp-json\/wp\/v2\/product_tag?post=33893"}],"curies":[{"name":"wp","href":"https:\/\/api.w.org\/{rel}","templated":true}]}}