{"id":33999,"date":"2025-01-09T13:15:15","date_gmt":"2025-01-09T13:15:15","guid":{"rendered":"https:\/\/kasima.lt\/produktas\/bobcat-krautuvo-strele-su-jungtimi\/"},"modified":"2025-10-29T08:33:25","modified_gmt":"2025-10-29T08:33:25","slug":"bobcat-krautuvo-strele-su-jungtimi","status":"publish","type":"product","link":"https:\/\/kasima3.bcapps.lt\/et\/produktas\/bobcat-krautuvo-strele-su-jungtimi\/","title":{"rendered":"Bobcat Lift Arm koos lingiga"},"content":{"rendered":"<p>Kasutatud t\u00f5stevars koos l\u00fcliga, eemaldatud 2022 Bobcat T590-st. <br \/>Osanumbrid 7336811, 7145418.<br \/>See originaalne Bobcat&#8217;i osa \u00fchildub mitmete Bobcat&#8217;i laadurimudelitega ja tagab tugeva j\u00f5udluse ja vastupidavuse. M\u00e4rkus: M\u00f5ned v\u00e4rvipinnad on tulekahjus kahjustatud, kuid t\u00f5stevarre struktuuriline terviklikkus on kontrollitud ja on endiselt terve.   <\/p>\n","protected":false},"excerpt":{"rendered":"<p>Hind ilma k\u00e4ibemaksuta<\/p>\n<p>Tootja: BOBCAT<br \/>Mudel: T590BC0009<br \/>Helista: <a href=\"tel:+37060842988\">+37060842988<\/a><br \/>E-post: <a href=\"mailto:usedparts@kasima3.bcapps.lt\">usedparts@kasima3.bcapps.lt <\/a><\/p>\n","protected":false},"featured_media":33985,"template":"","meta":{"_et_pb_use_builder":"","_et_pb_old_content":"","_et_gb_content_width":""},"product_brand":[],"product_cat":[405,319,431],"product_tag":[],"class_list":{"0":"post-33999","1":"product","2":"type-product","3":"status-publish","4":"has-post-thumbnail","6":"product_cat-bobcati-osad","7":"product_cat-kasutatud-varuosade","8":"product_cat-ehitusmasinad-varuosade","10":"first","11":"instock","12":"taxable","13":"shipping-taxable","14":"purchasable","15":"product-type-simple"},"_links":{"self":[{"href":"https:\/\/kasima3.bcapps.lt\/et\/wp-json\/wp\/v2\/product\/33999","targetHints":{"allow":["GET"]}}],"collection":[{"href":"https:\/\/kasima3.bcapps.lt\/et\/wp-json\/wp\/v2\/product"}],"about":[{"href":"https:\/\/kasima3.bcapps.lt\/et\/wp-json\/wp\/v2\/types\/product"}],"wp:featuredmedia":[{"embeddable":true,"href":"https:\/\/kasima3.bcapps.lt\/et\/wp-json\/wp\/v2\/media\/33985"}],"wp:attachment":[{"href":"https:\/\/kasima3.bcapps.lt\/et\/wp-json\/wp\/v2\/media?parent=33999"}],"wp:term":[{"taxonomy":"product_brand","embeddable":true,"href":"https:\/\/kasima3.bcapps.lt\/et\/wp-json\/wp\/v2\/product_brand?post=33999"},{"taxonomy":"product_cat","embeddable":true,"href":"https:\/\/kasima3.bcapps.lt\/et\/wp-json\/wp\/v2\/product_cat?post=33999"},{"taxonomy":"product_tag","embeddable":true,"href":"https:\/\/kasima3.bcapps.lt\/et\/wp-json\/wp\/v2\/product_tag?post=33999"}],"curies":[{"name":"wp","href":"https:\/\/api.w.org\/{rel}","templated":true}]}}