{"id":34089,"date":"2025-01-09T14:45:29","date_gmt":"2025-01-09T14:45:29","guid":{"rendered":"https:\/\/kasima.lt\/produktas\/bosch-degalu-siurblys-bobcat-krautuvams\/"},"modified":"2025-10-29T08:33:25","modified_gmt":"2025-10-29T08:33:25","slug":"bosch-degalu-siurblys-bobcat-krautuvams","status":"publish","type":"product","link":"https:\/\/kasima3.bcapps.lt\/et\/produktas\/bosch-degalu-siurblys-bobcat-krautuvams\/","title":{"rendered":"Bosch k\u00fctusepump Bobcat laaduritele"},"content":{"rendered":"<p>Kasutatud Bosch k\u00fctusepump, eemaldatud Bobcat T590-st.<br \/>Osanumbrid 580464079, 7453843.<br \/>See ehtne Boschi komponent tagab teie masina usaldusv\u00e4\u00e4rse k\u00fctusevarustuse ja optimaalse mootori j\u00f5udluse. <\/p>\n","protected":false},"excerpt":{"rendered":"<p>Hind ilma k\u00e4ibemaksuta<\/p>\n<p>Tootja: BOSCH<br \/>Mudel: T590BC0014<br \/>Helista: <a href=\"tel:+37060842988\">+37060842988<\/a><br \/>E-post: <a href=\"mailto:usedparts@kasima3.bcapps.lt\">usedparts@kasima3.bcapps.lt <\/a><\/p>\n","protected":false},"featured_media":34075,"template":"","meta":{"_et_pb_use_builder":"","_et_pb_old_content":"","_et_gb_content_width":""},"product_brand":[],"product_cat":[405,491,319,431],"product_tag":[],"class_list":{"0":"post-34089","1":"product","2":"type-product","3":"status-publish","4":"has-post-thumbnail","6":"product_cat-bobcati-osad","7":"product_cat-elektroonika-osad","8":"product_cat-kasutatud-varuosade","9":"product_cat-ehitusmasinad-varuosade","11":"first","12":"instock","13":"taxable","14":"shipping-taxable","15":"purchasable","16":"product-type-simple"},"_links":{"self":[{"href":"https:\/\/kasima3.bcapps.lt\/et\/wp-json\/wp\/v2\/product\/34089","targetHints":{"allow":["GET"]}}],"collection":[{"href":"https:\/\/kasima3.bcapps.lt\/et\/wp-json\/wp\/v2\/product"}],"about":[{"href":"https:\/\/kasima3.bcapps.lt\/et\/wp-json\/wp\/v2\/types\/product"}],"wp:featuredmedia":[{"embeddable":true,"href":"https:\/\/kasima3.bcapps.lt\/et\/wp-json\/wp\/v2\/media\/34075"}],"wp:attachment":[{"href":"https:\/\/kasima3.bcapps.lt\/et\/wp-json\/wp\/v2\/media?parent=34089"}],"wp:term":[{"taxonomy":"product_brand","embeddable":true,"href":"https:\/\/kasima3.bcapps.lt\/et\/wp-json\/wp\/v2\/product_brand?post=34089"},{"taxonomy":"product_cat","embeddable":true,"href":"https:\/\/kasima3.bcapps.lt\/et\/wp-json\/wp\/v2\/product_cat?post=34089"},{"taxonomy":"product_tag","embeddable":true,"href":"https:\/\/kasima3.bcapps.lt\/et\/wp-json\/wp\/v2\/product_tag?post=34089"}],"curies":[{"name":"wp","href":"https:\/\/api.w.org\/{rel}","templated":true}]}}