{"id":34125,"date":"2025-01-13T07:11:16","date_gmt":"2025-01-13T07:11:16","guid":{"rendered":"https:\/\/kasima.lt\/produktas\/bobcat-viksru-itempejas\/"},"modified":"2025-10-29T08:33:26","modified_gmt":"2025-10-29T08:33:26","slug":"bobcat-viksru-itempejas","status":"publish","type":"product","link":"https:\/\/kasima3.bcapps.lt\/et\/produktas\/bobcat-viksru-itempejas\/","title":{"rendered":"Bobcat r\u00f6\u00f6bastee pinguldaja"},"content":{"rendered":"<p>Kasutatud r\u00f6\u00f6bastee pinguti, mis on eemaldatud Bobcat T590-st. <br \/>Osanumbrid 7246605, 7230499.<br \/>See ehtne Bobcat&#8217;i komponent tagab \u00f5ige r\u00f6\u00f6bastee pingutuse, v\u00e4hendab kulumist ja parandab j\u00f5udlust.<br \/>Hind \u00fchiku kohta <\/p>\n","protected":false},"excerpt":{"rendered":"<p>Hind ilma k\u00e4ibemaksuta<\/p>\n<p>Tootja: BOBCAT<br \/>Mudel: T590BC0015<br \/>Helista: <a href=\"tel:+37060842988\">+37060842988<\/a><br \/>E-post: <a href=\"mailto:usedparts@kasima3.bcapps.lt\">usedparts@kasima3.bcapps.lt <\/a><\/p>\n","protected":false},"featured_media":34101,"template":"","meta":{"_et_pb_use_builder":"","_et_pb_old_content":"","_et_gb_content_width":""},"product_brand":[],"product_cat":[405,319,431],"product_tag":[],"class_list":{"0":"post-34125","1":"product","2":"type-product","3":"status-publish","4":"has-post-thumbnail","6":"product_cat-bobcati-osad","7":"product_cat-kasutatud-varuosade","8":"product_cat-ehitusmasinad-varuosade","10":"first","11":"instock","12":"taxable","13":"shipping-taxable","14":"purchasable","15":"product-type-simple"},"_links":{"self":[{"href":"https:\/\/kasima3.bcapps.lt\/et\/wp-json\/wp\/v2\/product\/34125","targetHints":{"allow":["GET"]}}],"collection":[{"href":"https:\/\/kasima3.bcapps.lt\/et\/wp-json\/wp\/v2\/product"}],"about":[{"href":"https:\/\/kasima3.bcapps.lt\/et\/wp-json\/wp\/v2\/types\/product"}],"wp:featuredmedia":[{"embeddable":true,"href":"https:\/\/kasima3.bcapps.lt\/et\/wp-json\/wp\/v2\/media\/34101"}],"wp:attachment":[{"href":"https:\/\/kasima3.bcapps.lt\/et\/wp-json\/wp\/v2\/media?parent=34125"}],"wp:term":[{"taxonomy":"product_brand","embeddable":true,"href":"https:\/\/kasima3.bcapps.lt\/et\/wp-json\/wp\/v2\/product_brand?post=34125"},{"taxonomy":"product_cat","embeddable":true,"href":"https:\/\/kasima3.bcapps.lt\/et\/wp-json\/wp\/v2\/product_cat?post=34125"},{"taxonomy":"product_tag","embeddable":true,"href":"https:\/\/kasima3.bcapps.lt\/et\/wp-json\/wp\/v2\/product_tag?post=34125"}],"curies":[{"name":"wp","href":"https:\/\/api.w.org\/{rel}","templated":true}]}}