{"id":34215,"date":"2025-01-13T09:22:52","date_gmt":"2025-01-13T09:22:52","guid":{"rendered":"https:\/\/kasima.lt\/produktas\/bobcat-galinis-laisvosios-eigos-velenas\/"},"modified":"2025-10-29T08:33:27","modified_gmt":"2025-10-29T08:33:27","slug":"bobcat-galinis-laisvosios-eigos-velenas","status":"publish","type":"product","link":"https:\/\/kasima3.bcapps.lt\/et\/produktas\/bobcat-galinis-laisvosios-eigos-velenas\/","title":{"rendered":"Bobcat tagumine k\u00e4igukast"},"content":{"rendered":"<p>Kasutatud tagumine t\u00fchik\u00e4igukang, eemaldatud Bobcat T590-st. <br \/>Osa number 7233630<br \/>See ehtne Bobcat&#8217;i komponent sobib paljude mudelitega, sealhulgas T550, T590, T595, T62, T630, T64, T650, T66, T740, T750, T76, T770 ja T7X.<br \/>Hind \u00fchiku kohta <\/p>\n","protected":false},"excerpt":{"rendered":"<p>Hind ilma k\u00e4ibemaksuta<\/p>\n<p>Tootja: BOBCAT<br \/>Mudel: T590BC0017<br \/>Helista:<a href=\"tel:+37060842988\"> +37060842988<\/a><br \/>E-post: <a href=\"mailto:usedparts@kasima3.bcapps.lt\">usedparts@kasima3.bcapps.lt <\/a><\/p>\n","protected":false},"featured_media":34201,"template":"","meta":{"_et_pb_use_builder":"","_et_pb_old_content":"","_et_gb_content_width":""},"product_brand":[],"product_cat":[405,319,431],"product_tag":[],"class_list":{"0":"post-34215","1":"product","2":"type-product","3":"status-publish","4":"has-post-thumbnail","6":"product_cat-bobcati-osad","7":"product_cat-kasutatud-varuosade","8":"product_cat-ehitusmasinad-varuosade","10":"first","11":"instock","12":"taxable","13":"shipping-taxable","14":"purchasable","15":"product-type-simple"},"_links":{"self":[{"href":"https:\/\/kasima3.bcapps.lt\/et\/wp-json\/wp\/v2\/product\/34215","targetHints":{"allow":["GET"]}}],"collection":[{"href":"https:\/\/kasima3.bcapps.lt\/et\/wp-json\/wp\/v2\/product"}],"about":[{"href":"https:\/\/kasima3.bcapps.lt\/et\/wp-json\/wp\/v2\/types\/product"}],"wp:featuredmedia":[{"embeddable":true,"href":"https:\/\/kasima3.bcapps.lt\/et\/wp-json\/wp\/v2\/media\/34201"}],"wp:attachment":[{"href":"https:\/\/kasima3.bcapps.lt\/et\/wp-json\/wp\/v2\/media?parent=34215"}],"wp:term":[{"taxonomy":"product_brand","embeddable":true,"href":"https:\/\/kasima3.bcapps.lt\/et\/wp-json\/wp\/v2\/product_brand?post=34215"},{"taxonomy":"product_cat","embeddable":true,"href":"https:\/\/kasima3.bcapps.lt\/et\/wp-json\/wp\/v2\/product_cat?post=34215"},{"taxonomy":"product_tag","embeddable":true,"href":"https:\/\/kasima3.bcapps.lt\/et\/wp-json\/wp\/v2\/product_tag?post=34215"}],"curies":[{"name":"wp","href":"https:\/\/api.w.org\/{rel}","templated":true}]}}