{"id":34362,"date":"2025-01-21T08:19:41","date_gmt":"2025-01-21T08:19:41","guid":{"rendered":"https:\/\/kasima.lt\/produktas\/bobcat-pavaros-grandine\/"},"modified":"2025-10-29T08:33:28","modified_gmt":"2025-10-29T08:33:28","slug":"bobcat-pavaros-grandine","status":"publish","type":"product","link":"https:\/\/kasima3.bcapps.lt\/et\/produktas\/bobcat-pavaros-grandine\/","title":{"rendered":"Bobcat Drive kett"},"content":{"rendered":"<p>Mitte kunagi kasutatud Bobcat veoahelad <br \/>Osa number 7106862<br \/>Ajami kett sobib erinevatele Bobcat laadurimudelitele <br \/>Saadaval 4 t\u00fckki, m\u00fc\u00fcakse eraldi.<\/p>\n","protected":false},"excerpt":{"rendered":"<p>Hind ilma k\u00e4ibemaksuta<\/p>\n<p>Tootja: BOBCAT<br \/>Mudel: S220BC0003<br \/>Helista:<a href=\"tel:+37060842988\"> +37060842988<\/a><br \/>E-post:<a href=\"mailto:usedparts@kasima3.bcapps.lt\"> usedparts@kasima3.bcapps.lt <\/a><\/p>\n","protected":false},"featured_media":22284,"template":"","meta":{"_et_pb_use_builder":"","_et_pb_old_content":"","_et_gb_content_width":""},"product_brand":[],"product_cat":[405,319,431],"product_tag":[],"class_list":{"0":"post-34362","1":"product","2":"type-product","3":"status-publish","4":"has-post-thumbnail","6":"product_cat-bobcati-osad","7":"product_cat-kasutatud-varuosade","8":"product_cat-ehitusmasinad-varuosade","10":"first","11":"instock","12":"taxable","13":"shipping-taxable","14":"purchasable","15":"product-type-simple"},"_links":{"self":[{"href":"https:\/\/kasima3.bcapps.lt\/et\/wp-json\/wp\/v2\/product\/34362","targetHints":{"allow":["GET"]}}],"collection":[{"href":"https:\/\/kasima3.bcapps.lt\/et\/wp-json\/wp\/v2\/product"}],"about":[{"href":"https:\/\/kasima3.bcapps.lt\/et\/wp-json\/wp\/v2\/types\/product"}],"wp:featuredmedia":[{"embeddable":true,"href":"https:\/\/kasima3.bcapps.lt\/et\/wp-json\/wp\/v2\/media\/22284"}],"wp:attachment":[{"href":"https:\/\/kasima3.bcapps.lt\/et\/wp-json\/wp\/v2\/media?parent=34362"}],"wp:term":[{"taxonomy":"product_brand","embeddable":true,"href":"https:\/\/kasima3.bcapps.lt\/et\/wp-json\/wp\/v2\/product_brand?post=34362"},{"taxonomy":"product_cat","embeddable":true,"href":"https:\/\/kasima3.bcapps.lt\/et\/wp-json\/wp\/v2\/product_cat?post=34362"},{"taxonomy":"product_tag","embeddable":true,"href":"https:\/\/kasima3.bcapps.lt\/et\/wp-json\/wp\/v2\/product_tag?post=34362"}],"curies":[{"name":"wp","href":"https:\/\/api.w.org\/{rel}","templated":true}]}}