{"id":34593,"date":"2025-01-31T08:49:30","date_gmt":"2025-01-31T08:49:30","guid":{"rendered":"https:\/\/kasima.lt\/produktas\/atlas-1604-variklio-ausinimo-blokas\/"},"modified":"2025-10-29T08:33:30","modified_gmt":"2025-10-29T08:33:30","slug":"atlas-1604-variklio-ausinimo-blokas","status":"publish","type":"product","link":"https:\/\/kasima3.bcapps.lt\/et\/produktas\/atlas-1604-variklio-ausinimo-blokas\/","title":{"rendered":"Atlas 1604 mootori jahutus\u00fcksus"},"content":{"rendered":"<p>Ehtne Atlas 1604 jahutus\u00fcksus\/radiaator<br \/>Osal olevad numbrid:<br \/>6046301<br \/>260701<br \/>Kasutatud, kuid t\u00e4iesti t\u00f6\u00f6korras<br \/>Tagab t\u00f5husa jahutuse ja mootori kaitse<\/p>\n","protected":false},"excerpt":{"rendered":"<p>Hind ilma k\u00e4ibemaksuta<\/p>\n<p>Tootja: ATLAS<br \/>Mudel: AT16040049<br \/>Helista: <a href=\"tel:+37060842988\">+37060842988<\/a><br \/>E-post: <a href=\"mailto:usedparts@kasima3.bcapps.lt\">usedparts@kasima3.bcapps.lt <\/a><\/p>\n","protected":false},"featured_media":34589,"template":"","meta":{"_et_pb_use_builder":"","_et_pb_old_content":"","_et_gb_content_width":""},"product_brand":[],"product_cat":[485,319,431],"product_tag":[],"class_list":{"0":"post-34593","1":"product","2":"type-product","3":"status-publish","4":"has-post-thumbnail","6":"product_cat-atlase-osad","7":"product_cat-kasutatud-varuosade","8":"product_cat-ehitusmasinad-varuosade","10":"first","11":"instock","12":"taxable","13":"shipping-taxable","14":"product-type-simple"},"_links":{"self":[{"href":"https:\/\/kasima3.bcapps.lt\/et\/wp-json\/wp\/v2\/product\/34593","targetHints":{"allow":["GET"]}}],"collection":[{"href":"https:\/\/kasima3.bcapps.lt\/et\/wp-json\/wp\/v2\/product"}],"about":[{"href":"https:\/\/kasima3.bcapps.lt\/et\/wp-json\/wp\/v2\/types\/product"}],"wp:featuredmedia":[{"embeddable":true,"href":"https:\/\/kasima3.bcapps.lt\/et\/wp-json\/wp\/v2\/media\/34589"}],"wp:attachment":[{"href":"https:\/\/kasima3.bcapps.lt\/et\/wp-json\/wp\/v2\/media?parent=34593"}],"wp:term":[{"taxonomy":"product_brand","embeddable":true,"href":"https:\/\/kasima3.bcapps.lt\/et\/wp-json\/wp\/v2\/product_brand?post=34593"},{"taxonomy":"product_cat","embeddable":true,"href":"https:\/\/kasima3.bcapps.lt\/et\/wp-json\/wp\/v2\/product_cat?post=34593"},{"taxonomy":"product_tag","embeddable":true,"href":"https:\/\/kasima3.bcapps.lt\/et\/wp-json\/wp\/v2\/product_tag?post=34593"}],"curies":[{"name":"wp","href":"https:\/\/api.w.org\/{rel}","templated":true}]}}