{"id":35741,"date":"2025-02-07T06:40:31","date_gmt":"2025-02-07T06:40:31","guid":{"rendered":"https:\/\/kasima.lt\/produktas\/atlas-1604-prietaisu-skydelis-su-mikroschema\/"},"modified":"2025-10-29T08:33:32","modified_gmt":"2025-10-29T08:33:32","slug":"atlas-1604-prietaisu-skydelis-su-mikroschema","status":"publish","type":"product","link":"https:\/\/kasima3.bcapps.lt\/et\/produktas\/atlas-1604-prietaisu-skydelis-su-mikroschema\/","title":{"rendered":"Atlas 1604 armatuurlaud koos mikrokiibiga"},"content":{"rendered":"<p>See kasutatud, kuid t\u00e4ielikult toimiv integreeritud mikrokiibiga armatuurlaud tagab teie ekskavaatori oluliste funktsioonide n\u00f5uetekohase j\u00e4relevalve ja juhtimise.<br \/>\nN\u00e4itab mootori j\u00f5udlust ja s\u00fcsteemi hoiatusi<br \/>\nNumbrid armatuurlaual ja mikrokiibil:<br \/>\n98020942<br \/>\n220302615<br \/>\n4733871<br \/>\n172769<\/p>\n","protected":false},"excerpt":{"rendered":"<p>Hind ilma k\u00e4ibemaksuta<\/p>\n<p>Tootja: ATLAS<br \/>\nMudel: AT16040053<br \/>\nHelista:<a href=\"tel:+37060842988\"> +37060842988<\/a><br \/>E-post: <a href=\"mailto:usedparts@kasima3.bcapps.lt\">usedparts@kasima3.bcapps.lt<\/a><\/p>\n","protected":false},"featured_media":35722,"template":"","meta":{"_et_pb_use_builder":"","_et_pb_old_content":"","_et_gb_content_width":""},"product_brand":[],"product_cat":[485,491,319,431],"product_tag":[],"class_list":{"0":"post-35741","1":"product","2":"type-product","3":"status-publish","4":"has-post-thumbnail","6":"product_cat-atlase-osad","7":"product_cat-elektroonika-osad","8":"product_cat-kasutatud-varuosade","9":"product_cat-ehitusmasinad-varuosade","11":"first","12":"instock","13":"taxable","14":"shipping-taxable","15":"purchasable","16":"product-type-simple"},"_links":{"self":[{"href":"https:\/\/kasima3.bcapps.lt\/et\/wp-json\/wp\/v2\/product\/35741","targetHints":{"allow":["GET"]}}],"collection":[{"href":"https:\/\/kasima3.bcapps.lt\/et\/wp-json\/wp\/v2\/product"}],"about":[{"href":"https:\/\/kasima3.bcapps.lt\/et\/wp-json\/wp\/v2\/types\/product"}],"wp:featuredmedia":[{"embeddable":true,"href":"https:\/\/kasima3.bcapps.lt\/et\/wp-json\/wp\/v2\/media\/35722"}],"wp:attachment":[{"href":"https:\/\/kasima3.bcapps.lt\/et\/wp-json\/wp\/v2\/media?parent=35741"}],"wp:term":[{"taxonomy":"product_brand","embeddable":true,"href":"https:\/\/kasima3.bcapps.lt\/et\/wp-json\/wp\/v2\/product_brand?post=35741"},{"taxonomy":"product_cat","embeddable":true,"href":"https:\/\/kasima3.bcapps.lt\/et\/wp-json\/wp\/v2\/product_cat?post=35741"},{"taxonomy":"product_tag","embeddable":true,"href":"https:\/\/kasima3.bcapps.lt\/et\/wp-json\/wp\/v2\/product_tag?post=35741"}],"curies":[{"name":"wp","href":"https:\/\/api.w.org\/{rel}","templated":true}]}}