{"id":36303,"date":"2025-02-11T13:10:37","date_gmt":"2025-02-11T13:10:37","guid":{"rendered":"https:\/\/kasima.lt\/produktas\/volvo-ec210blc-ecu-valdymo-blokas\/"},"modified":"2025-10-29T08:33:34","modified_gmt":"2025-10-29T08:33:34","slug":"volvo-ec210blc-ecu-valdymo-blokas","status":"publish","type":"product","link":"https:\/\/kasima3.bcapps.lt\/et\/produktas\/volvo-ec210blc-ecu-valdymo-blokas\/","title":{"rendered":"Volvo EC210BLC ECU kontroller"},"content":{"rendered":"<p>Kasutatud, t\u00e4ielikult toimiv ehtne Volvo EC210BLC elektrooniline kontroller (ECU) tagab mootori ja s\u00fcsteemi t\u00f5husa juhtimise.<br \/>\nOsanumbrid:<br \/>\n60100002 P04 &#8211; ECU osa number<br \/>\nVOE14514090 &#8211; Volvo varuosade number<br \/>\n11200151<br \/>\n81302C <\/p>\n","protected":false},"excerpt":{"rendered":"<p>Hind ilma k\u00e4ibemaksuta<\/p>\n<p>Tootja: VOLVO<br \/>\nMudel: EC210BLC0014<br \/>\nHelista: <a href=\"tel:+37060842988\">+37060842988<\/a><br \/>E-post: <a href=\"mailto:usedparts@kasima3.bcapps.lt\">usedparts@kasima3.bcapps.lt<\/a><\/p>\n","protected":false},"featured_media":36284,"template":"","meta":{"_et_pb_use_builder":"","_et_pb_old_content":"","_et_gb_content_width":""},"product_brand":[],"product_cat":[397,491,319,431],"product_tag":[],"class_list":{"0":"post-36303","1":"product","2":"type-product","3":"status-publish","4":"has-post-thumbnail","6":"product_cat-volvo-varuosade","7":"product_cat-elektroonika-osad","8":"product_cat-kasutatud-varuosade","9":"product_cat-ehitusmasinad-varuosade","11":"first","12":"instock","13":"taxable","14":"shipping-taxable","15":"purchasable","16":"product-type-simple"},"_links":{"self":[{"href":"https:\/\/kasima3.bcapps.lt\/et\/wp-json\/wp\/v2\/product\/36303","targetHints":{"allow":["GET"]}}],"collection":[{"href":"https:\/\/kasima3.bcapps.lt\/et\/wp-json\/wp\/v2\/product"}],"about":[{"href":"https:\/\/kasima3.bcapps.lt\/et\/wp-json\/wp\/v2\/types\/product"}],"wp:featuredmedia":[{"embeddable":true,"href":"https:\/\/kasima3.bcapps.lt\/et\/wp-json\/wp\/v2\/media\/36284"}],"wp:attachment":[{"href":"https:\/\/kasima3.bcapps.lt\/et\/wp-json\/wp\/v2\/media?parent=36303"}],"wp:term":[{"taxonomy":"product_brand","embeddable":true,"href":"https:\/\/kasima3.bcapps.lt\/et\/wp-json\/wp\/v2\/product_brand?post=36303"},{"taxonomy":"product_cat","embeddable":true,"href":"https:\/\/kasima3.bcapps.lt\/et\/wp-json\/wp\/v2\/product_cat?post=36303"},{"taxonomy":"product_tag","embeddable":true,"href":"https:\/\/kasima3.bcapps.lt\/et\/wp-json\/wp\/v2\/product_tag?post=36303"}],"curies":[{"name":"wp","href":"https:\/\/api.w.org\/{rel}","templated":true}]}}