{"id":36538,"date":"2025-02-12T07:57:00","date_gmt":"2025-02-12T07:57:00","guid":{"rendered":"https:\/\/kasima.lt\/produktas\/sanden-a-c-kompresorius\/"},"modified":"2025-10-29T08:33:36","modified_gmt":"2025-10-29T08:33:36","slug":"sanden-a-c-kompresorius","status":"publish","type":"product","link":"https:\/\/kasima3.bcapps.lt\/et\/produktas\/sanden-a-c-kompresorius\/","title":{"rendered":"Sanden A\/C kompressor"},"content":{"rendered":"<p>Sanden SD7H15 kliimaseadme kompressor on kasutatud, kuid t\u00e4iesti t\u00f6\u00f6korras, eemaldatud Volvo EC210BLC-st.<br \/>\nOsanumbrid:<br \/>\nVOE 14506862 &#8211; Volvo kliimaseadme kompressori osa number.<br \/>\nSD7H15 &#8211; 8152 &#8211; Sanden mudelinumber.<br \/>\n1635004332 &#8211; viitenumber.<br \/>\nB709S36 &#8211; T\u00e4iendav identifitseerimisnumber.<\/p>\n","protected":false},"excerpt":{"rendered":"<p>Hind ilma k\u00e4ibemaksuta<\/p>\n<p>Tootja: SANDEN<br \/>\nMudel: EC210BLC0044<br \/>\nHelista: <a href=\"tel:+37060842988\">+37060842988<\/a><br \/>E-post: <a href=\"mailto:usedparts@kasima3.bcapps.lt\">usedparts@kasima3.bcapps.lt<\/a><\/p>\n","protected":false},"featured_media":36524,"template":"","meta":{"_et_pb_use_builder":"","_et_pb_old_content":"","_et_gb_content_width":""},"product_brand":[],"product_cat":[397,491,319,431],"product_tag":[],"class_list":{"0":"post-36538","1":"product","2":"type-product","3":"status-publish","4":"has-post-thumbnail","6":"product_cat-volvo-varuosade","7":"product_cat-elektroonika-osad","8":"product_cat-kasutatud-varuosade","9":"product_cat-ehitusmasinad-varuosade","11":"first","12":"instock","13":"taxable","14":"shipping-taxable","15":"purchasable","16":"product-type-simple"},"_links":{"self":[{"href":"https:\/\/kasima3.bcapps.lt\/et\/wp-json\/wp\/v2\/product\/36538","targetHints":{"allow":["GET"]}}],"collection":[{"href":"https:\/\/kasima3.bcapps.lt\/et\/wp-json\/wp\/v2\/product"}],"about":[{"href":"https:\/\/kasima3.bcapps.lt\/et\/wp-json\/wp\/v2\/types\/product"}],"wp:featuredmedia":[{"embeddable":true,"href":"https:\/\/kasima3.bcapps.lt\/et\/wp-json\/wp\/v2\/media\/36524"}],"wp:attachment":[{"href":"https:\/\/kasima3.bcapps.lt\/et\/wp-json\/wp\/v2\/media?parent=36538"}],"wp:term":[{"taxonomy":"product_brand","embeddable":true,"href":"https:\/\/kasima3.bcapps.lt\/et\/wp-json\/wp\/v2\/product_brand?post=36538"},{"taxonomy":"product_cat","embeddable":true,"href":"https:\/\/kasima3.bcapps.lt\/et\/wp-json\/wp\/v2\/product_cat?post=36538"},{"taxonomy":"product_tag","embeddable":true,"href":"https:\/\/kasima3.bcapps.lt\/et\/wp-json\/wp\/v2\/product_tag?post=36538"}],"curies":[{"name":"wp","href":"https:\/\/api.w.org\/{rel}","templated":true}]}}