{"id":36583,"date":"2025-02-12T08:18:27","date_gmt":"2025-02-12T08:18:27","guid":{"rendered":"https:\/\/kasima.lt\/produktas\/volvo-ec210blc-greitojo-montavimo-sklende\/"},"modified":"2025-10-29T08:33:37","modified_gmt":"2025-10-29T08:33:37","slug":"volvo-ec210blc-greitojo-montavimo-sklende","status":"publish","type":"product","link":"https:\/\/kasima3.bcapps.lt\/et\/produktas\/volvo-ec210blc-greitojo-montavimo-sklende\/","title":{"rendered":"Quick-Fit klapp Volvo EC210BLC jaoks"},"content":{"rendered":"<p>Kiirkinnitusventiil on h\u00fcdros\u00fcsteemi oluline komponent, mis v\u00f5imaldab turvalisi ja t\u00f5husaid vooliku\u00fchendusi, v\u00e4hendades samal ajal seisakuaega.<br \/>\nKasutatud, kuid t\u00e4iesti t\u00f6\u00f6korras<br \/>\nOsa number: Ventiil, mis ei ole enam kasutatav, kuid millekski muuks ei kasutata: VOE 14503696<\/p>\n","protected":false},"excerpt":{"rendered":"<p>Hind ilma k\u00e4ibemaksuta<\/p>\n<p>Tootja: VOLVO<br \/>\nMudel: EC210BLC0051<br \/>\nHelista:<a href=\"tel:+37060842988\"> +37060842988<\/a><br \/>E-post: <a href=\"mailto:usedparts@kasima3.bcapps.lt\">usedparts@kasima3.bcapps.lt<\/a><\/p>\n","protected":false},"featured_media":36544,"template":"","meta":{"_et_pb_use_builder":"","_et_pb_old_content":"","_et_gb_content_width":""},"product_brand":[],"product_cat":[397,491,319,431],"product_tag":[],"class_list":{"0":"post-36583","1":"product","2":"type-product","3":"status-publish","4":"has-post-thumbnail","6":"product_cat-volvo-varuosade","7":"product_cat-elektroonika-osad","8":"product_cat-kasutatud-varuosade","9":"product_cat-ehitusmasinad-varuosade","11":"first","12":"instock","13":"taxable","14":"shipping-taxable","15":"purchasable","16":"product-type-simple"},"_links":{"self":[{"href":"https:\/\/kasima3.bcapps.lt\/et\/wp-json\/wp\/v2\/product\/36583","targetHints":{"allow":["GET"]}}],"collection":[{"href":"https:\/\/kasima3.bcapps.lt\/et\/wp-json\/wp\/v2\/product"}],"about":[{"href":"https:\/\/kasima3.bcapps.lt\/et\/wp-json\/wp\/v2\/types\/product"}],"wp:featuredmedia":[{"embeddable":true,"href":"https:\/\/kasima3.bcapps.lt\/et\/wp-json\/wp\/v2\/media\/36544"}],"wp:attachment":[{"href":"https:\/\/kasima3.bcapps.lt\/et\/wp-json\/wp\/v2\/media?parent=36583"}],"wp:term":[{"taxonomy":"product_brand","embeddable":true,"href":"https:\/\/kasima3.bcapps.lt\/et\/wp-json\/wp\/v2\/product_brand?post=36583"},{"taxonomy":"product_cat","embeddable":true,"href":"https:\/\/kasima3.bcapps.lt\/et\/wp-json\/wp\/v2\/product_cat?post=36583"},{"taxonomy":"product_tag","embeddable":true,"href":"https:\/\/kasima3.bcapps.lt\/et\/wp-json\/wp\/v2\/product_tag?post=36583"}],"curies":[{"name":"wp","href":"https:\/\/api.w.org\/{rel}","templated":true}]}}