{"id":36618,"date":"2025-02-12T08:41:11","date_gmt":"2025-02-12T08:41:11","guid":{"rendered":"https:\/\/kasima.lt\/produktas\/volvo-ec210blc-saugikliu-dezute\/"},"modified":"2025-10-29T08:33:37","modified_gmt":"2025-10-29T08:33:37","slug":"volvo-ec210blc-saugikliu-dezute","status":"publish","type":"product","link":"https:\/\/kasima3.bcapps.lt\/et\/produktas\/volvo-ec210blc-saugikliu-dezute\/","title":{"rendered":"Volvo EC210BLC kaitsmekast"},"content":{"rendered":"<p>See ehtne Volvo EC210BLC kaitsmekarp on kasutatud, kuid t\u00e4iesti t\u00f6\u00f6korras.<br \/>\nOsanumbrid:<br \/>\nVOE 14508645 &#8211; kaitsmekarp<br \/>\nSA1123-02341 &#8211; muundur<br \/>\nVOE 14508626 &#8211; klaasipuhasti juhtimispult<\/p>\n","protected":false},"excerpt":{"rendered":"<p>Hind ilma k\u00e4ibemaksuta<\/p>\n<p>Tootja: VOLVO<br \/>\nMudel: EC210BLC0054<br \/>\nHelista: <a href=\"tel:+37060842988\">+37060842988<\/a><br \/>E-post: <a href=\"mailto:usedparts@kasima3.bcapps.lt\">usedparts@kasima3.bcapps.lt<\/a><\/p>\n","protected":false},"featured_media":36604,"template":"","meta":{"_et_pb_use_builder":"","_et_pb_old_content":"","_et_gb_content_width":""},"product_brand":[],"product_cat":[397,491,319,431],"product_tag":[],"class_list":{"0":"post-36618","1":"product","2":"type-product","3":"status-publish","4":"has-post-thumbnail","6":"product_cat-volvo-varuosade","7":"product_cat-elektroonika-osad","8":"product_cat-kasutatud-varuosade","9":"product_cat-ehitusmasinad-varuosade","11":"first","12":"instock","13":"taxable","14":"shipping-taxable","15":"purchasable","16":"product-type-simple"},"_links":{"self":[{"href":"https:\/\/kasima3.bcapps.lt\/et\/wp-json\/wp\/v2\/product\/36618","targetHints":{"allow":["GET"]}}],"collection":[{"href":"https:\/\/kasima3.bcapps.lt\/et\/wp-json\/wp\/v2\/product"}],"about":[{"href":"https:\/\/kasima3.bcapps.lt\/et\/wp-json\/wp\/v2\/types\/product"}],"wp:featuredmedia":[{"embeddable":true,"href":"https:\/\/kasima3.bcapps.lt\/et\/wp-json\/wp\/v2\/media\/36604"}],"wp:attachment":[{"href":"https:\/\/kasima3.bcapps.lt\/et\/wp-json\/wp\/v2\/media?parent=36618"}],"wp:term":[{"taxonomy":"product_brand","embeddable":true,"href":"https:\/\/kasima3.bcapps.lt\/et\/wp-json\/wp\/v2\/product_brand?post=36618"},{"taxonomy":"product_cat","embeddable":true,"href":"https:\/\/kasima3.bcapps.lt\/et\/wp-json\/wp\/v2\/product_cat?post=36618"},{"taxonomy":"product_tag","embeddable":true,"href":"https:\/\/kasima3.bcapps.lt\/et\/wp-json\/wp\/v2\/product_tag?post=36618"}],"curies":[{"name":"wp","href":"https:\/\/api.w.org\/{rel}","templated":true}]}}