{"id":37075,"date":"2025-02-17T08:37:40","date_gmt":"2025-02-17T08:37:40","guid":{"rendered":"https:\/\/kasima.lt\/produktas\/volvo-elektromagnetinis-voztuvas\/"},"modified":"2025-10-29T08:33:40","modified_gmt":"2025-10-29T08:33:40","slug":"volvo-elektromagnetinis-voztuvas","status":"publish","type":"product","link":"https:\/\/kasima3.bcapps.lt\/et\/produktas\/volvo-elektromagnetinis-voztuvas\/","title":{"rendered":"Volvo solenoidventiil"},"content":{"rendered":"<p>See ehtne Volvo EC210BLC solenoidventiil on kasutatud, kuid t\u00e4ielikult t\u00f6\u00f6korras.<br \/>\nOsanumbrid:<br \/>\nSS-GOI-C6-MD28G-J3-46<br \/>\nVOE 14505324<br \/>\nSA 1040-65471<\/p>\n","protected":false},"excerpt":{"rendered":"<p>Hind ilma k\u00e4ibemaksuta<\/p>\n<p>Tootja: DAESUNG NACHI<br \/>\nMudel: EC210BLC0062<br \/>\nHelista:<a href=\"tel:+37060842988\"> +37060842988<br \/><\/a>E-post: <a href=\"mailto:usedparts@kasima3.bcapps.lt\">usedparts@kasima3.bcapps.lt<\/a><\/p>\n","protected":false},"featured_media":37066,"template":"","meta":{"_et_pb_use_builder":"","_et_pb_old_content":"","_et_gb_content_width":""},"product_brand":[],"product_cat":[397,491,319,431],"product_tag":[],"class_list":{"0":"post-37075","1":"product","2":"type-product","3":"status-publish","4":"has-post-thumbnail","6":"product_cat-volvo-varuosade","7":"product_cat-elektroonika-osad","8":"product_cat-kasutatud-varuosade","9":"product_cat-ehitusmasinad-varuosade","11":"first","12":"instock","13":"taxable","14":"shipping-taxable","15":"purchasable","16":"product-type-simple"},"_links":{"self":[{"href":"https:\/\/kasima3.bcapps.lt\/et\/wp-json\/wp\/v2\/product\/37075","targetHints":{"allow":["GET"]}}],"collection":[{"href":"https:\/\/kasima3.bcapps.lt\/et\/wp-json\/wp\/v2\/product"}],"about":[{"href":"https:\/\/kasima3.bcapps.lt\/et\/wp-json\/wp\/v2\/types\/product"}],"wp:featuredmedia":[{"embeddable":true,"href":"https:\/\/kasima3.bcapps.lt\/et\/wp-json\/wp\/v2\/media\/37066"}],"wp:attachment":[{"href":"https:\/\/kasima3.bcapps.lt\/et\/wp-json\/wp\/v2\/media?parent=37075"}],"wp:term":[{"taxonomy":"product_brand","embeddable":true,"href":"https:\/\/kasima3.bcapps.lt\/et\/wp-json\/wp\/v2\/product_brand?post=37075"},{"taxonomy":"product_cat","embeddable":true,"href":"https:\/\/kasima3.bcapps.lt\/et\/wp-json\/wp\/v2\/product_cat?post=37075"},{"taxonomy":"product_tag","embeddable":true,"href":"https:\/\/kasima3.bcapps.lt\/et\/wp-json\/wp\/v2\/product_tag?post=37075"}],"curies":[{"name":"wp","href":"https:\/\/api.w.org\/{rel}","templated":true}]}}