{"id":37331,"date":"2025-02-18T08:00:21","date_gmt":"2025-02-18T08:00:21","guid":{"rendered":"https:\/\/kasima.lt\/produktas\/volvo-pirminis-oro-valymo-irenginys\/"},"modified":"2025-10-29T08:33:42","modified_gmt":"2025-10-29T08:33:42","slug":"volvo-pirminis-oro-valymo-irenginys","status":"publish","type":"product","link":"https:\/\/kasima3.bcapps.lt\/et\/produktas\/volvo-pirminis-oro-valymo-irenginys\/","title":{"rendered":"Volvo \u00f5hu eelpuhasti"},"content":{"rendered":"<p>See ehtne Volvo osa on kasutatud, kuid t\u00e4iesti t\u00f6\u00f6korras, eemaldatud Volvo EC210BLC-st.<br \/>\nOsa number:<br \/>\nSA 1113-01050<br \/>\nVOE 14517568<\/p>\n","protected":false},"excerpt":{"rendered":"<p>Hind ilma k\u00e4ibemaksuta<\/p>\n<p>Tootja: VOLVO<br \/>\nMudel: EC210BLC0057<br \/>\nHelista: <a href=\"tel:+37060842988\">+37060842988<br \/><\/a>E-post: <a href=\"mailto:usedparts@kasima3.bcapps.lt\">usedparts@kasima3.bcapps.lt<\/a><\/p>\n","protected":false},"featured_media":37317,"template":"","meta":{"_et_pb_use_builder":"","_et_pb_old_content":"","_et_gb_content_width":""},"product_brand":[],"product_cat":[397,319,431],"product_tag":[],"class_list":{"0":"post-37331","1":"product","2":"type-product","3":"status-publish","4":"has-post-thumbnail","6":"product_cat-volvo-varuosade","7":"product_cat-kasutatud-varuosade","8":"product_cat-ehitusmasinad-varuosade","10":"first","11":"instock","12":"taxable","13":"shipping-taxable","14":"purchasable","15":"product-type-simple"},"_links":{"self":[{"href":"https:\/\/kasima3.bcapps.lt\/et\/wp-json\/wp\/v2\/product\/37331","targetHints":{"allow":["GET"]}}],"collection":[{"href":"https:\/\/kasima3.bcapps.lt\/et\/wp-json\/wp\/v2\/product"}],"about":[{"href":"https:\/\/kasima3.bcapps.lt\/et\/wp-json\/wp\/v2\/types\/product"}],"wp:featuredmedia":[{"embeddable":true,"href":"https:\/\/kasima3.bcapps.lt\/et\/wp-json\/wp\/v2\/media\/37317"}],"wp:attachment":[{"href":"https:\/\/kasima3.bcapps.lt\/et\/wp-json\/wp\/v2\/media?parent=37331"}],"wp:term":[{"taxonomy":"product_brand","embeddable":true,"href":"https:\/\/kasima3.bcapps.lt\/et\/wp-json\/wp\/v2\/product_brand?post=37331"},{"taxonomy":"product_cat","embeddable":true,"href":"https:\/\/kasima3.bcapps.lt\/et\/wp-json\/wp\/v2\/product_cat?post=37331"},{"taxonomy":"product_tag","embeddable":true,"href":"https:\/\/kasima3.bcapps.lt\/et\/wp-json\/wp\/v2\/product_tag?post=37331"}],"curies":[{"name":"wp","href":"https:\/\/api.w.org\/{rel}","templated":true}]}}