{"id":39276,"date":"2025-03-07T09:47:00","date_gmt":"2025-03-07T09:47:00","guid":{"rendered":"https:\/\/kasima.lt\/produktas\/sarnyrinis-savivartis-moxy-mt26\/"},"modified":"2025-10-29T08:33:56","modified_gmt":"2025-10-29T08:33:56","slug":"sarnyrinis-savivartis-moxy-mt26","status":"publish","type":"product","link":"https:\/\/kasima3.bcapps.lt\/et\/produktas\/sarnyrinis-savivartis-moxy-mt26\/","title":{"rendered":"MOXY MT26 liigendkallur"},"content":{"rendered":"<p>Leedus ei kasutanud,<br \/>\nMoxy MT26 liigendkallur<br \/>\nValmistamise aasta 2002.<br \/>\nMootor Scania 216 kw.<br \/>\nMoto tundi 3226, (t\u00f5en\u00e4oliselt mitte originaal).<br \/>\nS\u00f5iduki t\u00e4ismass umbes 18500 kg.<br \/>\nT\u00f5stev\u00f5ime 26 000 kg.<br \/>\nDefektid: k\u00e4igukast, viskab v\u00e4lja 5. k\u00e4igu.<\/p>\n<p>T\u00e4iendav teave telefoni v\u00f5i e-posti teel<\/p>\n<p><iframe loading=\"lazy\" title=\"Moxy MT26, 2002 for sale!\" width=\"1080\" height=\"608\" src=\"https:\/\/www.youtube.com\/embed\/atu7XYvqkS4?feature=oembed\"  allow=\"accelerometer; autoplay; clipboard-write; encrypted-media; gyroscope; picture-in-picture; web-share\" referrerpolicy=\"strict-origin-when-cross-origin\" allowfullscreen><\/iframe><\/p>\n<p>&nbsp;<\/p>\n<p>&nbsp;<\/p>\n","protected":false},"excerpt":{"rendered":"<p>Hind ilma k\u00e4ibemaksuta<\/p>\n<p>Tootja: MOXY<br \/>\nMudel: MT26<br \/>\nHelista : <a href=\"tel:+37067607071\">+37067607071<br \/>\n<\/a>E-post: <a href=\"mailto:sales@kasima3.bcapps.lt\">sales@kasima3.bcapps.lt<\/a><\/p>\n","protected":false},"featured_media":39117,"template":"","meta":{"_et_pb_use_builder":"","_et_pb_old_content":"","_et_gb_content_width":""},"product_brand":[],"product_cat":[196,147],"product_tag":[],"class_list":{"0":"post-39276","1":"product","2":"type-product","3":"status-publish","4":"has-post-thumbnail","6":"product_cat-tee-ehitusmasinad","7":"product_cat-ehitus","9":"first","10":"outofstock","11":"taxable","12":"shipping-taxable","13":"product-type-simple"},"_links":{"self":[{"href":"https:\/\/kasima3.bcapps.lt\/et\/wp-json\/wp\/v2\/product\/39276","targetHints":{"allow":["GET"]}}],"collection":[{"href":"https:\/\/kasima3.bcapps.lt\/et\/wp-json\/wp\/v2\/product"}],"about":[{"href":"https:\/\/kasima3.bcapps.lt\/et\/wp-json\/wp\/v2\/types\/product"}],"wp:featuredmedia":[{"embeddable":true,"href":"https:\/\/kasima3.bcapps.lt\/et\/wp-json\/wp\/v2\/media\/39117"}],"wp:attachment":[{"href":"https:\/\/kasima3.bcapps.lt\/et\/wp-json\/wp\/v2\/media?parent=39276"}],"wp:term":[{"taxonomy":"product_brand","embeddable":true,"href":"https:\/\/kasima3.bcapps.lt\/et\/wp-json\/wp\/v2\/product_brand?post=39276"},{"taxonomy":"product_cat","embeddable":true,"href":"https:\/\/kasima3.bcapps.lt\/et\/wp-json\/wp\/v2\/product_cat?post=39276"},{"taxonomy":"product_tag","embeddable":true,"href":"https:\/\/kasima3.bcapps.lt\/et\/wp-json\/wp\/v2\/product_tag?post=39276"}],"curies":[{"name":"wp","href":"https:\/\/api.w.org\/{rel}","templated":true}]}}