{"id":40351,"date":"2025-03-18T12:22:22","date_gmt":"2025-03-18T12:22:22","guid":{"rendered":"https:\/\/kasima.lt\/produktas\/hidraulines-betono-zirkles-mustang-rh16\/"},"modified":"2025-10-29T08:34:00","modified_gmt":"2025-10-29T08:34:00","slug":"hidraulines-betono-zirkles-mustang-rh16","status":"publish","type":"product","link":"https:\/\/kasima3.bcapps.lt\/et\/produktas\/hidraulines-betono-zirkles-mustang-rh16\/","title":{"rendered":"H\u00fcdraulilised betoonik\u00e4\u00e4rid Mustang RH 16"},"content":{"rendered":"<p>H\u00fcdraulilised betoonik\u00e4\u00e4rid ekskavaatorile Mustang RH 16<\/p>\n<p>Mustang RH 16 on v\u00f5imas ja usaldusv\u00e4\u00e4rne betoonil\u00f5ikur professionaalseteks lammutust\u00f6\u00f6deks. T\u00e4nu t\u00e4iustatud h\u00fcdraulikas\u00fcsteemile ja kvaliteetsele teraskonstruktsioonile tagavad need k\u00e4\u00e4rid suure j\u00f5udluse ja vastupidavuse ka k\u00f5ige n\u00f5udlikumate t\u00f6\u00f6de puhul. <\/p>\n<p>Peamised omadused:<br \/>\nVastupidav konstruktsioon &#8211; valmistatud kvaliteetsetest materjalidest, mis tagavad vastupidavuse.<br \/>\nSuur l\u00f5ikev\u00f5ime &#8211; l\u00f5ikab betooni, armatuurrauda ja muid tugevaid materjale t\u00f5husalt.<br \/>\nKompaktne disain &#8211; v\u00f5imaldab t\u00f6\u00f6tada kitsastes kohtades.<br \/>\nT\u00f5hus h\u00fcdrauliline t\u00f6\u00f6 &#8211; tagab sujuva ja kiire t\u00f6\u00f6.<br \/>\nSobib paljudele masinatele &#8211; saab paigaldada ekskavaatoritele ja muudele lammutusseadmetele.<\/p>\n<p>Mustang RH 16 on professionaalide valik maksimaalse t\u00f5hususe ja usaldusv\u00e4\u00e4rsuse saavutamiseks.<\/p>\n<p><iframe loading=\"lazy\" title=\"Betono hidraulin\u0117s \u017eirkl\u0117s Mustang RH 16\" width=\"1080\" height=\"608\" src=\"https:\/\/www.youtube.com\/embed\/8td6K6liUYI?feature=oembed\"  allow=\"accelerometer; autoplay; clipboard-write; encrypted-media; gyroscope; picture-in-picture; web-share\" referrerpolicy=\"strict-origin-when-cross-origin\" allowfullscreen><\/iframe><\/p>\n","protected":false},"excerpt":{"rendered":"<p>Hind ilma k\u00e4ibemaksuta<\/p>\n<p>Tootja: Mustang<br \/>\nMudel: RH16<br \/>\nHelista: <a href=\"tel:+37067607071\">+37067607071<br \/>\n<\/a>E-post: <a href=\"mailto:sales@kasima3.bcapps.lt\">sales@kasima3.bcapps.lt<\/a><\/p>\n","protected":false},"featured_media":40286,"template":"","meta":{"_et_pb_use_builder":"","_et_pb_old_content":"","_et_gb_content_width":""},"product_brand":[],"product_cat":[201,212,233,165,234,167],"product_tag":[],"class_list":{"0":"post-40351","1":"product","2":"type-product","3":"status-publish","4":"has-post-thumbnail","6":"product_cat-10-13-tonni","7":"product_cat-13-16-tonni","8":"product_cat-16-20-tonni","9":"product_cat-uus","10":"product_cat-muud-lisaseadmed","11":"product_cat-ekskavaator","13":"first","14":"instock","15":"taxable","16":"shipping-taxable","17":"purchasable","18":"product-type-simple"},"_links":{"self":[{"href":"https:\/\/kasima3.bcapps.lt\/et\/wp-json\/wp\/v2\/product\/40351","targetHints":{"allow":["GET"]}}],"collection":[{"href":"https:\/\/kasima3.bcapps.lt\/et\/wp-json\/wp\/v2\/product"}],"about":[{"href":"https:\/\/kasima3.bcapps.lt\/et\/wp-json\/wp\/v2\/types\/product"}],"wp:featuredmedia":[{"embeddable":true,"href":"https:\/\/kasima3.bcapps.lt\/et\/wp-json\/wp\/v2\/media\/40286"}],"wp:attachment":[{"href":"https:\/\/kasima3.bcapps.lt\/et\/wp-json\/wp\/v2\/media?parent=40351"}],"wp:term":[{"taxonomy":"product_brand","embeddable":true,"href":"https:\/\/kasima3.bcapps.lt\/et\/wp-json\/wp\/v2\/product_brand?post=40351"},{"taxonomy":"product_cat","embeddable":true,"href":"https:\/\/kasima3.bcapps.lt\/et\/wp-json\/wp\/v2\/product_cat?post=40351"},{"taxonomy":"product_tag","embeddable":true,"href":"https:\/\/kasima3.bcapps.lt\/et\/wp-json\/wp\/v2\/product_tag?post=40351"}],"curies":[{"name":"wp","href":"https:\/\/api.w.org\/{rel}","templated":true}]}}