{"id":40656,"date":"2025-03-20T10:47:57","date_gmt":"2025-03-20T10:47:57","guid":{"rendered":"https:\/\/kasima.lt\/produktas\/jcb-sonine-pavara\/"},"modified":"2025-10-29T08:34:04","modified_gmt":"2025-10-29T08:34:04","slug":"jcb-sonine-pavara","status":"publish","type":"product","link":"https:\/\/kasima3.bcapps.lt\/et\/produktas\/jcb-sonine-pavara\/","title":{"rendered":"JCB l\u00f5ppk\u00e4igukast"},"content":{"rendered":"<p>See ehtne KYB osa on kasutatud, kuid suurep\u00e4rases seisukorras.<br \/>\nEemaldatud JCB JS130LC, 2006<br \/>\nOsa number:<br \/>\n332\/E5680<br \/>\n333\/J5852<br \/>\n335\/H0003<br \/>\n20\/925737<br \/>\nFDC381413<br \/>\n246578<br \/>\nHind \u00fchiku kohta<\/p>\n","protected":false},"excerpt":{"rendered":"<p>Hind ilma k\u00e4ibemaksuta<\/p>\n<p>Tootja: JCB<br \/>\nMudel: JS130LC0009<br \/>\nHelista:<a href=\"tel:+37060842988\"> +37060842988<br \/><\/a>E-post:<a href=\"mailto:usedparts@kasima3.bcapps.lt\"> usedparts@kasima3.bcapps.lt<\/a><\/p>\n","protected":false},"featured_media":40597,"template":"","meta":{"_et_pb_use_builder":"","_et_pb_old_content":"","_et_gb_content_width":""},"product_brand":[],"product_cat":[426,319,431],"product_tag":[],"class_list":{"0":"post-40656","1":"product","2":"type-product","3":"status-publish","4":"has-post-thumbnail","6":"product_cat-jcb-varuosade","7":"product_cat-kasutatud-varuosade","8":"product_cat-ehitusmasinad-varuosade","10":"first","11":"instock","12":"taxable","13":"shipping-taxable","14":"purchasable","15":"product-type-simple"},"_links":{"self":[{"href":"https:\/\/kasima3.bcapps.lt\/et\/wp-json\/wp\/v2\/product\/40656","targetHints":{"allow":["GET"]}}],"collection":[{"href":"https:\/\/kasima3.bcapps.lt\/et\/wp-json\/wp\/v2\/product"}],"about":[{"href":"https:\/\/kasima3.bcapps.lt\/et\/wp-json\/wp\/v2\/types\/product"}],"wp:featuredmedia":[{"embeddable":true,"href":"https:\/\/kasima3.bcapps.lt\/et\/wp-json\/wp\/v2\/media\/40597"}],"wp:attachment":[{"href":"https:\/\/kasima3.bcapps.lt\/et\/wp-json\/wp\/v2\/media?parent=40656"}],"wp:term":[{"taxonomy":"product_brand","embeddable":true,"href":"https:\/\/kasima3.bcapps.lt\/et\/wp-json\/wp\/v2\/product_brand?post=40656"},{"taxonomy":"product_cat","embeddable":true,"href":"https:\/\/kasima3.bcapps.lt\/et\/wp-json\/wp\/v2\/product_cat?post=40656"},{"taxonomy":"product_tag","embeddable":true,"href":"https:\/\/kasima3.bcapps.lt\/et\/wp-json\/wp\/v2\/product_tag?post=40656"}],"curies":[{"name":"wp","href":"https:\/\/api.w.org\/{rel}","templated":true}]}}