{"id":44856,"date":"2025-04-18T06:48:39","date_gmt":"2025-04-18T06:48:39","guid":{"rendered":"https:\/\/kasima.lt\/produktas\/kubota-hidraulinis-siurblys\/"},"modified":"2025-10-29T08:34:33","modified_gmt":"2025-10-29T08:34:33","slug":"kubota-hidraulinis-siurblys","status":"publish","type":"product","link":"https:\/\/kasima3.bcapps.lt\/et\/produktas\/kubota-hidraulinis-siurblys\/","title":{"rendered":"Kubota h\u00fcdropump<br>"},"content":{"rendered":"<p>See ehtne pump on kasutatud, akrediteeritud ettev\u00f5tte poolt t\u00e4ielikult testitud ja t\u00e4iesti t\u00f6\u00f6korras.<br \/>\nH\u00fcdropumba korpus on kergelt kahjustatud tulekahjust, kuid see ei m\u00f5juta pumba enda toimimist<br \/>\nEemaldatud Kubota U55-4, 2014. aasta<br \/>\nPumba t\u00fc\u00fcp: PSVL2-27CG-1<br \/>\nKataloogi nr: RD551-61113<br \/>\nPumba nr: B0610-27001<\/p>\n","protected":false},"excerpt":{"rendered":"<p>Hind ilma k\u00e4ibemaksuta<\/p>\n<p>Tootja: KUBOTA<br \/>\nMudel: KBU550002<br \/>\nHelista:<a href=\"tel:+37060842988\"> +37060842988<br \/>\n<\/a>E-post: <a href=\"mailto:usedparts@kasima3.bcapps.lt\">usedparts@kasima3.bcapps.lt<\/a><\/p>\n","protected":false},"featured_media":44807,"template":"","meta":{"_et_pb_use_builder":"","_et_pb_old_content":"","_et_gb_content_width":""},"product_brand":[],"product_cat":[402,319,431],"product_tag":[],"class_list":{"0":"post-44856","1":"product","2":"type-product","3":"status-publish","4":"has-post-thumbnail","6":"product_cat-kubota-varuosade","7":"product_cat-kasutatud-varuosade","8":"product_cat-ehitusmasinad-varuosade","10":"first","11":"instock","12":"taxable","13":"shipping-taxable","14":"purchasable","15":"product-type-simple"},"_links":{"self":[{"href":"https:\/\/kasima3.bcapps.lt\/et\/wp-json\/wp\/v2\/product\/44856","targetHints":{"allow":["GET"]}}],"collection":[{"href":"https:\/\/kasima3.bcapps.lt\/et\/wp-json\/wp\/v2\/product"}],"about":[{"href":"https:\/\/kasima3.bcapps.lt\/et\/wp-json\/wp\/v2\/types\/product"}],"wp:featuredmedia":[{"embeddable":true,"href":"https:\/\/kasima3.bcapps.lt\/et\/wp-json\/wp\/v2\/media\/44807"}],"wp:attachment":[{"href":"https:\/\/kasima3.bcapps.lt\/et\/wp-json\/wp\/v2\/media?parent=44856"}],"wp:term":[{"taxonomy":"product_brand","embeddable":true,"href":"https:\/\/kasima3.bcapps.lt\/et\/wp-json\/wp\/v2\/product_brand?post=44856"},{"taxonomy":"product_cat","embeddable":true,"href":"https:\/\/kasima3.bcapps.lt\/et\/wp-json\/wp\/v2\/product_cat?post=44856"},{"taxonomy":"product_tag","embeddable":true,"href":"https:\/\/kasima3.bcapps.lt\/et\/wp-json\/wp\/v2\/product_tag?post=44856"}],"curies":[{"name":"wp","href":"https:\/\/api.w.org\/{rel}","templated":true}]}}