{"id":50979,"date":"2025-06-05T08:40:53","date_gmt":"2025-06-05T08:40:53","guid":{"rendered":"https:\/\/kasima.lt\/produktas\/merlo-p32-6-dalimis\/"},"modified":"2025-10-29T08:35:13","modified_gmt":"2025-10-29T08:35:13","slug":"merlo-p32-6-dalimis","status":"publish","type":"product","link":"https:\/\/kasima3.bcapps.lt\/et\/produktas\/merlo-p32-6-dalimis\/","title":{"rendered":"Merlo 32.6 osade jaoks"},"content":{"rendered":"<p>Merlo P 32.6 teleskooplaadur (2011) osade kaupa.<br \/>\nTulekahju t\u00f5ttu kahjustatud kabiin, kuid enamik komponente on kahjustamata ja t\u00e4iesti t\u00f6\u00f6korras.<\/p>\n<p>Perkinsi mootor 1104D-44T &#8211; t\u00e4ielikult t\u00f6\u00f6korras.<br \/>\nH\u00fcdraulikas\u00fcsteem &#8211; suurep\u00e4rases seisukorras<br \/>\nEsi- ja tagateljed &#8211; kahjustamata<br \/>\nPoom, \u0161assii, jahutuss\u00fcsteem ja muu &#8211; saadaval<\/p>\n","protected":false},"excerpt":{"rendered":"<p>Hind ilma k\u00e4ibemaksuta<\/p>\n<p>Tootja: MERLO<br \/>\nMudel: P32.6<br \/>\nHelista:<a href=\"tel:+37060842988\"> +37060842988<\/a><br \/>\nE-post: <a href=\"mailto:usedparts@kasima3.bcapps.lt\">usedparts@kasima3.bcapps.lt<\/a><\/p>\n","protected":false},"featured_media":50950,"template":"","meta":{"_et_pb_use_builder":"","_et_pb_old_content":"","_et_gb_content_width":""},"product_brand":[],"product_cat":[513,319,431],"product_tag":[],"class_list":{"0":"post-50979","1":"product","2":"type-product","3":"status-publish","4":"has-post-thumbnail","6":"product_cat-merlo-osad","7":"product_cat-kasutatud-varuosade","8":"product_cat-ehitusmasinad-varuosade","10":"first","11":"instock","12":"taxable","13":"shipping-taxable","14":"product-type-simple"},"_links":{"self":[{"href":"https:\/\/kasima3.bcapps.lt\/et\/wp-json\/wp\/v2\/product\/50979","targetHints":{"allow":["GET"]}}],"collection":[{"href":"https:\/\/kasima3.bcapps.lt\/et\/wp-json\/wp\/v2\/product"}],"about":[{"href":"https:\/\/kasima3.bcapps.lt\/et\/wp-json\/wp\/v2\/types\/product"}],"wp:featuredmedia":[{"embeddable":true,"href":"https:\/\/kasima3.bcapps.lt\/et\/wp-json\/wp\/v2\/media\/50950"}],"wp:attachment":[{"href":"https:\/\/kasima3.bcapps.lt\/et\/wp-json\/wp\/v2\/media?parent=50979"}],"wp:term":[{"taxonomy":"product_brand","embeddable":true,"href":"https:\/\/kasima3.bcapps.lt\/et\/wp-json\/wp\/v2\/product_brand?post=50979"},{"taxonomy":"product_cat","embeddable":true,"href":"https:\/\/kasima3.bcapps.lt\/et\/wp-json\/wp\/v2\/product_cat?post=50979"},{"taxonomy":"product_tag","embeddable":true,"href":"https:\/\/kasima3.bcapps.lt\/et\/wp-json\/wp\/v2\/product_tag?post=50979"}],"curies":[{"name":"wp","href":"https:\/\/api.w.org\/{rel}","templated":true}]}}