{"id":51350,"date":"2025-06-05T12:46:04","date_gmt":"2025-06-05T12:46:04","guid":{"rendered":"https:\/\/kasima.lt\/produktas\/merlo-p32-6-pavaru-deze-su-hidrauliniu-siurbliu\/"},"modified":"2025-10-29T08:35:15","modified_gmt":"2025-10-29T08:35:15","slug":"merlo-p32-6-pavaru-deze-su-hidrauliniu-siurbliu","status":"publish","type":"product","link":"https:\/\/kasima3.bcapps.lt\/et\/produktas\/merlo-p32-6-pavaru-deze-su-hidrauliniu-siurbliu\/","title":{"rendered":"Merlo P32.6 k\u00e4igukast koos h\u00fcdraulilise pumbaga"},"content":{"rendered":"<p>See osa on kasutatud, kuid on suurep\u00e4rases seisukorras.<br \/>\nEemaldatud Merlo P32.6, 2011<br \/>\nOsade numbrid:<br \/>\nK\u00e4igukast<br \/>\n024843<br \/>\n057478<br \/>\nJ00291O<br \/>\nSauer-Danfoss pump<br \/>\n51D110AD3N<br \/>\nJANNCHN$NNN<br \/>\n046AAA01328<br \/>\n518818<br \/>\n774760<br \/>\n508752<br \/>\n042945<\/p>\n","protected":false},"excerpt":{"rendered":"<p>Hind ilma k\u00e4ibemaksuta<\/p>\n<p>Tootja: SAUER-DANFOSS<br \/>\nMudel: MERLOP320007<br \/>\nHelista: <a href=\"tel:+37060842988\">+37060842988<\/a><br \/>\nE-post: <a href=\"mailto:usedparts@kasima3.bcapps.lt\">usedparts@kasima3.bcapps.lt<\/a><\/p>\n","protected":false},"featured_media":51306,"template":"","meta":{"_et_pb_use_builder":"","_et_pb_old_content":"","_et_gb_content_width":""},"product_brand":[],"product_cat":[513,319,431],"product_tag":[],"class_list":{"0":"post-51350","1":"product","2":"type-product","3":"status-publish","4":"has-post-thumbnail","6":"product_cat-merlo-osad","7":"product_cat-kasutatud-varuosade","8":"product_cat-ehitusmasinad-varuosade","10":"first","11":"instock","12":"taxable","13":"shipping-taxable","14":"purchasable","15":"product-type-simple"},"_links":{"self":[{"href":"https:\/\/kasima3.bcapps.lt\/et\/wp-json\/wp\/v2\/product\/51350","targetHints":{"allow":["GET"]}}],"collection":[{"href":"https:\/\/kasima3.bcapps.lt\/et\/wp-json\/wp\/v2\/product"}],"about":[{"href":"https:\/\/kasima3.bcapps.lt\/et\/wp-json\/wp\/v2\/types\/product"}],"wp:featuredmedia":[{"embeddable":true,"href":"https:\/\/kasima3.bcapps.lt\/et\/wp-json\/wp\/v2\/media\/51306"}],"wp:attachment":[{"href":"https:\/\/kasima3.bcapps.lt\/et\/wp-json\/wp\/v2\/media?parent=51350"}],"wp:term":[{"taxonomy":"product_brand","embeddable":true,"href":"https:\/\/kasima3.bcapps.lt\/et\/wp-json\/wp\/v2\/product_brand?post=51350"},{"taxonomy":"product_cat","embeddable":true,"href":"https:\/\/kasima3.bcapps.lt\/et\/wp-json\/wp\/v2\/product_cat?post=51350"},{"taxonomy":"product_tag","embeddable":true,"href":"https:\/\/kasima3.bcapps.lt\/et\/wp-json\/wp\/v2\/product_tag?post=51350"}],"curies":[{"name":"wp","href":"https:\/\/api.w.org\/{rel}","templated":true}]}}